{"id":6845,"date":"2023-11-21T13:46:50","date_gmt":"2023-11-21T13:46:50","guid":{"rendered":"https:\/\/nofussworks.com\/demo\/alpha\/campelos\/?page_id=6845"},"modified":"2024-09-29T13:45:44","modified_gmt":"2024-09-29T11:45:44","slug":"test","status":"publish","type":"page","link":"https:\/\/ralupo.me\/en\/test","title":{"rendered":"test"},"content":{"rendered":"<span class=\"span-reading-time rt-reading-time\" style=\"display: block;\"><span class=\"rt-label rt-prefix\">Lesedauer<\/span> <span class=\"rt-time\"> &lt; 1<\/span> <span class=\"rt-label rt-postfix\">Minute<\/span><\/span>\t\t<div data-elementor-type=\"wp-page\" data-elementor-id=\"6845\" class=\"elementor elementor-6845\">\n\t\t\t\t\t\t<section class=\"elementor-section elementor-top-section elementor-element elementor-element-b6b13be elementor-section-full_width elementor-section-height-default elementor-section-height-default\" data-id=\"b6b13be\" data-element_type=\"section\" data-e-type=\"section\">\n\t\t\t\t\t\t<div class=\"elementor-container elementor-column-gap-no\">\n\t\t\t\t\t<div class=\"elementor-column elementor-col-100 elementor-top-column elementor-element elementor-element-6916bb1\" data-id=\"6916bb1\" data-element_type=\"column\" data-e-type=\"column\">\n\t\t\t<div class=\"elementor-widget-wrap elementor-element-populated\">\n\t\t\t\t\t\t<div class=\"elementor-element elementor-element-29ca900 elementor-widget elementor-widget-wp-widget-nofuss_slider_widget\" data-id=\"29ca900\" data-element_type=\"widget\" data-e-type=\"widget\" data-widget_type=\"wp-widget-nofuss_slider_widget.default\">\n\t\t\t\t<div class=\"elementor-widget-container\">\n\t\t\t\t\t\t\t\r\n\t\t            \r\n\t\t\t            \r\n            <div class=\"nofuss_slider_wrap\">\r\n            \r\n                <img decoding=\"async\" class=\"slider_spinner\" src=\"https:\/\/ralupo.me\/wp-content\/plugins\/nofuss-addons\/assets\/images\/tail-spin.svg\" width=\"40\" alt=\"\">\r\n                \r\n                <div class=\"nofuss_slider nofuss_slider_oneslide loop owl-carousel loading\">\r\n                \r\n\t\t\t\t\t                \r\n\t\t\t    <\/div> <!-- end .nofuss_slider -->\r\n                \r\n    \t\t<\/div> <!-- end .nofuss_slider_wrap -->\r\n            \r\n\t\t\t<div class=\"clearfix\"><\/div>\r\n\t\t\r\n\t\t\t\t\t\t<\/div>\n\t\t\t\t<\/div>\n\t\t\t\t\t<\/div>\n\t\t<\/div>\n\t\t\t\t\t<\/div>\n\t\t<\/section>\n\t\t\t\t<section class=\"elementor-section elementor-top-section elementor-element elementor-element-7fc764a elementor-section-boxed elementor-section-height-default elementor-section-height-default\" data-id=\"7fc764a\" data-element_type=\"section\" data-e-type=\"section\">\n\t\t\t\t\t\t<div class=\"elementor-container elementor-column-gap-default\">\n\t\t\t\t\t<div class=\"elementor-column elementor-col-33 elementor-top-column elementor-element elementor-element-a11437c\" data-id=\"a11437c\" data-element_type=\"column\" data-e-type=\"column\">\n\t\t\t<div class=\"elementor-widget-wrap\">\n\t\t\t\t\t\t\t<\/div>\n\t\t<\/div>\n\t\t\t\t<div class=\"elementor-column elementor-col-33 elementor-top-column elementor-element elementor-element-0f300fd\" data-id=\"0f300fd\" data-element_type=\"column\" data-e-type=\"column\">\n\t\t\t<div class=\"elementor-widget-wrap\">\n\t\t\t\t\t\t\t<\/div>\n\t\t<\/div>\n\t\t\t\t<div class=\"elementor-column elementor-col-33 elementor-top-column elementor-element elementor-element-383e201\" data-id=\"383e201\" data-element_type=\"column\" data-e-type=\"column\">\n\t\t\t<div class=\"elementor-widget-wrap\">\n\t\t\t\t\t\t\t<\/div>\n\t\t<\/div>\n\t\t\t\t\t<\/div>\n\t\t<\/section>\n\t\t\t\t<section class=\"elementor-section elementor-top-section elementor-element elementor-element-d09322c elementor-section-boxed elementor-section-height-default elementor-section-height-default\" data-id=\"d09322c\" data-element_type=\"section\" data-e-type=\"section\">\n\t\t\t\t\t\t<div class=\"elementor-container elementor-column-gap-default\">\n\t\t\t\t\t<div class=\"elementor-column elementor-col-33 elementor-top-column elementor-element elementor-element-1faa7de\" data-id=\"1faa7de\" data-element_type=\"column\" data-e-type=\"column\">\n\t\t\t<div class=\"elementor-widget-wrap\">\n\t\t\t\t\t\t\t<\/div>\n\t\t<\/div>\n\t\t\t\t<div class=\"elementor-column elementor-col-33 elementor-top-column elementor-element elementor-element-ea7cf1e\" data-id=\"ea7cf1e\" data-element_type=\"column\" data-e-type=\"column\">\n\t\t\t<div class=\"elementor-widget-wrap\">\n\t\t\t\t\t\t\t<\/div>\n\t\t<\/div>\n\t\t\t\t<div class=\"elementor-column elementor-col-33 elementor-top-column elementor-element elementor-element-dceae15\" data-id=\"dceae15\" data-element_type=\"column\" data-e-type=\"column\">\n\t\t\t<div class=\"elementor-widget-wrap\">\n\t\t\t\t\t\t\t<\/div>\n\t\t<\/div>\n\t\t\t\t\t<\/div>\n\t\t<\/section>\n\t\t\t\t<\/div>\n\t\t","protected":false},"excerpt":{"rendered":"","protected":false},"author":1,"featured_media":0,"parent":0,"menu_order":0,"comment_status":"closed","ping_status":"closed","template":"elementor_header_footer","meta":{"_crdt_document":"","advanced_seo_description":"","jetpack_seo_html_title":"","jetpack_seo_noindex":false,"_EventAllDay":false,"_EventTimezone":"","_EventStartDate":"","_EventEndDate":"","_EventStartDateUTC":"","_EventEndDateUTC":"","_EventShowMap":false,"_EventShowMapLink":false,"_EventURL":"","_EventCost":"","_EventCostDescription":"","_EventCurrencySymbol":"","_EventCurrencyCode":"","_EventCurrencyPosition":"","_EventDateTimeSeparator":"","_EventTimeRangeSeparator":"","_EventOrganizerID":[],"_EventVenueID":[],"_OrganizerEmail":"","_OrganizerPhone":"","_OrganizerWebsite":"","_VenueAddress":"","_VenueCity":"","_VenueCountry":"","_VenueProvince":"","_VenueState":"","_VenueZip":"","_VenuePhone":"","_VenueURL":"","_VenueStateProvince":"","_VenueLat":"","_VenueLng":"","_VenueShowMap":false,"_VenueShowMapLink":false,"jetpack_post_was_ever_published":false,"footnotes":""},"class_list":["post-6845","page","type-page","status-publish","hentry"],"jetpack_sharing_enabled":true,"jetpack-related-posts":[{"id":2537,"url":"https:\/\/ralupo.me\/en\/buecher-3","url_meta":{"origin":6845,"position":0},"title":"B\u00fccher","author":"Lupo","date":"26. December 2021","format":false,"excerpt":"[:de] Recently read and recommended books in\u00a02022 Alle B\u00fccherlisten seit 2020 Non-fiction\u00a0| Sachb\u00fccherFiction\u00a0| BelletristikAndruchowytsch, Das letzte Territorium, 2003,\ud83c\uddfa\ud83c\udde6 | Rezension DeutschlandfunkZhadan, Mesopotamien, 2017, \ud83c\uddfa\ud83c\udde6 | Poetisches aus dem ukrainischen Zweistromland (NZZ)King\/Gerisch\/Rosa (Hg.), Lost in Perfection. Zur Optimierung von Gesellschaft und Psyche, 2022, \ud83c\udde9\ud83c\uddeaSalzmann, Im Menschen muss alles herrlich sein, 2021,\u2026","rel":"","context":"Similar post","block_context":{"text":"Similar post","link":""},"img":{"alt_text":"","src":"https:\/\/i0.wp.com\/ralupo.me\/wp-content\/uploads\/2022\/04\/img_6986_jpg-scaled.jpg?fit=1200%2C900&ssl=1&resize=350%2C200","width":350,"height":200,"srcset":"https:\/\/i0.wp.com\/ralupo.me\/wp-content\/uploads\/2022\/04\/img_6986_jpg-scaled.jpg?fit=1200%2C900&ssl=1&resize=350%2C200 1x, https:\/\/i0.wp.com\/ralupo.me\/wp-content\/uploads\/2022\/04\/img_6986_jpg-scaled.jpg?fit=1200%2C900&ssl=1&resize=525%2C300 1.5x, https:\/\/i0.wp.com\/ralupo.me\/wp-content\/uploads\/2022\/04\/img_6986_jpg-scaled.jpg?fit=1200%2C900&ssl=1&resize=700%2C400 2x, https:\/\/i0.wp.com\/ralupo.me\/wp-content\/uploads\/2022\/04\/img_6986_jpg-scaled.jpg?fit=1200%2C900&ssl=1&resize=1050%2C600 3x"},"classes":[]},{"id":12753,"url":"https:\/\/ralupo.me\/en\/events","url_meta":{"origin":6845,"position":1},"title":"Events","author":"Lupo","date":"24. December 2023","format":false,"excerpt":"[:de][:]","rel":"","context":"Similar post","block_context":{"text":"Similar post","link":""},"img":{"alt_text":"","src":"","width":0,"height":0},"classes":[]},{"id":12910,"url":"https:\/\/ralupo.me\/en\/suche","url_meta":{"origin":6845,"position":2},"title":"Suche","author":"Lupo","date":"27. December 2023","format":false,"excerpt":"[:de][:]","rel":"","context":"Similar post","block_context":{"text":"Similar post","link":""},"img":{"alt_text":"","src":"","width":0,"height":0},"classes":[]},{"id":10945,"url":"https:\/\/ralupo.me\/en\/blog","url_meta":{"origin":6845,"position":3},"title":"Andere Ansicht","author":"Lupo","date":"15. March 2022","format":false,"excerpt":"[:de] [:]","rel":"","context":"Similar post","block_context":{"text":"Similar post","link":""},"img":{"alt_text":"","src":"","width":0,"height":0},"classes":[]},{"id":13071,"url":"https:\/\/ralupo.me\/en\/buecherlisten","url_meta":{"origin":6845,"position":4},"title":"B\u00fccherlisten","author":"Lupo","date":"3. January 2024","format":false,"excerpt":"[:de] Hier eine Auswahl meiner Leselisten der letzten Jahre, Belletristik und Fachb\u00fccher, nebst Rezensionen der B\u00fccher in anderen Medien und eigener Rezensionen in diesem Blog. Aktuelles Jahr: B\u00fccherliste 2026 B\u00fccherliste 2025 B\u00fccherliste 2024B\u00fccherliste 2023B\u00fccherliste 2022B\u00fccherliste 2021B\u00fccherliste 2020 [:]","rel":"","context":"Similar post","block_context":{"text":"Similar post","link":""},"img":{"alt_text":"","src":"","width":0,"height":0},"classes":[]},{"id":13,"url":"https:\/\/ralupo.me\/en\/about","url_meta":{"origin":6845,"position":5},"title":"About","author":"Lupo","date":"5. April 2020","format":false,"excerpt":"[:de] Hi! I'm Christian. This site is my personal blog. Mostly Participating observation. I'm working as a lawyer in Germany with personal interests in sociology and politics. You will find here my two cents. | Die Seite wird gerade \u00fcberarbeitet. Folgt solange meiner neuen \"Now\"-Page. [:]","rel":"","context":"Similar post","block_context":{"text":"Similar post","link":""},"img":{"alt_text":"","src":"https:\/\/i0.wp.com\/ralupo.me\/wp-content\/uploads\/2022\/01\/img_3899.jpg?resize=350%2C200&ssl=1","width":350,"height":200,"srcset":"https:\/\/i0.wp.com\/ralupo.me\/wp-content\/uploads\/2022\/01\/img_3899.jpg?resize=350%2C200&ssl=1 1x, https:\/\/i0.wp.com\/ralupo.me\/wp-content\/uploads\/2022\/01\/img_3899.jpg?resize=525%2C300&ssl=1 1.5x, https:\/\/i0.wp.com\/ralupo.me\/wp-content\/uploads\/2022\/01\/img_3899.jpg?resize=700%2C400&ssl=1 2x, https:\/\/i0.wp.com\/ralupo.me\/wp-content\/uploads\/2022\/01\/img_3899.jpg?resize=1050%2C600&ssl=1 3x"},"classes":[]}],"jetpack_shortlink":"https:\/\/wp.me\/PcanHs-1Mp","_links":{"self":[{"href":"https:\/\/ralupo.me\/en\/wp-json\/wp\/v2\/pages\/6845","targetHints":{"allow":["GET"]}}],"collection":[{"href":"https:\/\/ralupo.me\/en\/wp-json\/wp\/v2\/pages"}],"about":[{"href":"https:\/\/ralupo.me\/en\/wp-json\/wp\/v2\/types\/page"}],"author":[{"embeddable":true,"href":"https:\/\/ralupo.me\/en\/wp-json\/wp\/v2\/users\/1"}],"replies":[{"embeddable":true,"href":"https:\/\/ralupo.me\/en\/wp-json\/wp\/v2\/comments?post=6845"}],"version-history":[{"count":0,"href":"https:\/\/ralupo.me\/en\/wp-json\/wp\/v2\/pages\/6845\/revisions"}],"wp:attachment":[{"href":"https:\/\/ralupo.me\/en\/wp-json\/wp\/v2\/media?parent=6845"}],"curies":[{"name":"wp","href":"https:\/\/api.w.org\/{rel}","templated":true}]}}