{"id":19,"date":"2020-04-05T11:34:57","date_gmt":"2020-04-05T11:34:57","guid":{"rendered":"http:\/\/ralupo.me\/?page_id=19"},"modified":"2024-01-01T18:46:12","modified_gmt":"2024-01-01T17:46:12","slug":"travel","status":"publish","type":"page","link":"https:\/\/ralupo.me\/en\/travel","title":{"rendered":"Travel"},"content":{"rendered":"\n<p class=\"eplus-wrapper wp-block-paragraph\">Auf dieser Seite findet sich eine \u00dcbersicht meiner Reisen, \u00fcber die ich bislang geschrieben habe. Au\u00dferdem gibt es eine Aussicht auf anstehende Reisen und in Planung befindliche Projekte.<\/p>\n\n\n\n<p class=\"wp-block-paragraph\"><strong>Diese L\u00e4nder habe ich schon besucht:<\/strong><\/p>\n\n\n\n<p class=\"wp-block-paragraph\">Norwegen \ud83c\uddf3\ud83c\uddf4 &#8211; Schweden \ud83c\uddf8\ud83c\uddea &#8211; Finnland \ud83c\uddeb\ud83c\uddee &#8211; D\u00e4nemark \ud83c\udde9\ud83c\uddf0 &#8211; Island \ud83c\uddee\ud83c\uddf8 &#8211; Niederlande \ud83c\uddf3\ud83c\uddf1 &#8211; Belgien \ud83c\udde7\ud83c\uddea &#8211; Luxemburg  \ud83c\uddf1\ud83c\uddfa &#8211; Frankreich \ud83c\uddeb\ud83c\uddf7  &#8211; Spanien \ud83c\uddea\ud83c\uddf8  &#8211; Italien \ud83c\uddee\ud83c\uddf9 &#8211; Schweiz \ud83c\udde8\ud83c\udded &#8211; Liechtenstein \ud83c\uddf1\ud83c\uddee &#8211; \u00d6sterreich \ud83c\udde6\ud83c\uddf9 &#8211; Ungarn \ud83c\udded\ud83c\uddfa &#8211; Rum\u00e4nien \ud83c\uddf7\ud83c\uddf4 &#8211; Bulgarien \ud83c\udde7\ud83c\uddec &#8211; <a href=\"https:\/\/ralupo.me\/chisinau\/\">Moldau<\/a> \ud83c\uddf2\ud83c\udde9 &#8211; T\u00fcrkei \ud83c\uddf9\ud83c\uddf7 &#8211; Griechenland \ud83c\uddec\ud83c\uddf7 &#8211; Tschechien \ud83c\udde8\ud83c\uddff &#8211; Polen \ud83c\uddf5\ud83c\uddf1 &#8211;  Ukraine \ud83c\uddfa\ud83c\udde6 &#8211; russland \ud83c\uddf7\ud83c\uddfa &#8212; <a href=\"https:\/\/ralupo.me\/tblisi\/\">Georgien<\/a> \ud83c\uddec\ud83c\uddea &#8211; <a href=\"https:\/\/ralupo.me\/archive\/10268\">Litauen  \ud83c\uddf1\ud83c\uddf9<\/a> &#8211; <a href=\"https:\/\/ralupo.me\/riga\/\">Lettland<\/a> \ud83c\uddf1\ud83c\uddfb &#8211; <a href=\"https:\/\/ralupo.me\/talli\/\">Estland<\/a> \ud83c\uddea\ud83c\uddea &#8211; USA \ud83c\uddfa\ud83c\uddf8 &#8211; Kanada \ud83c\udde8\ud83c\udde6 &#8211; Irland \ud83c\uddee\ud83c\uddea &#8211; <a href=\"https:\/\/ralupo.me\/yerevan\/\">Armenien<\/a> \ud83c\udde6\ud83c\uddf2 &#8211; Serbien \ud83c\uddf7\ud83c\uddf8 &#8211; <a href=\"https:\/\/ralupo.me\/?s=Almaty\">Kasachstan<\/a> \ud83c\uddf0\ud83c\uddff &#8211; Malta \ud83c\uddf2\ud83c\uddf9 &#8211; S\u00fcdafrika \ud83c\uddff\ud83c\udde6 &#8211; <a href=\"https:\/\/ralupo.me\/bogota\/\">Kolumbien<\/a> \ud83c\udde8\ud83c\uddf4 &#8211; <a href=\"https:\/\/ralupo.me\/panama\/\">Panama<\/a> \ud83c\uddf5\ud83c\udde6 &#8211; <a href=\"https:\/\/ralupo.me\/?s=Minsk\">Belarus<\/a>  &#8211; <a href=\"https:\/\/ralupo.me\/hongkongs-tod\/\">Hong Kong<\/a> \ud83c\udded\ud83c\uddf0 &#8211; <a href=\"https:\/\/ralupo.me\/taipeh-taiwan\/\">Taiwan<\/a> \ud83c\uddf9\ud83c\uddfc &#8211; <a href=\"https:\/\/ralupo.me\/seoul\/\">S\u00fcdkorea<\/a> \ud83c\uddf0\ud83c\uddf7 &#8211; <a href=\"https:\/\/ralupo.me\/mexico-df\/\">Mexico<\/a> \ud83c\uddf2\ud83c\uddfd &#8211; <a href=\"https:\/\/ralupo.me\/lima\/\">Peru<\/a> \ud83c\uddf5\ud83c\uddea &#8211; Chile \ud83c\udde8\ud83c\uddf1 &#8211; Zypern \ud83c\udde8\ud83c\uddfe &#8211; Portugal \ud83c\uddf5\ud83c\uddf9  &#8211; <a href=\"https:\/\/ralupo.me\/croatia-airlines-nach-zagreb-und-split\/\">Kroatien<\/a> \ud83c\udded\ud83c\uddf7 &#8211;  Vereinigtes K\u00f6nigreich \ud83c\uddec\ud83c\udde7 &#8211; Slowakei \ud83c\uddf8\ud83c\uddf0 &#8211; <a href=\"https:\/\/ralupo.me\/wochenende-in-ljubljana\/\">Slowenien<\/a> \ud83c\uddf8\ud83c\uddee <\/p>\n\n\n\n<hr class=\"wp-block-separator has-css-opacity eplus-wrapper\"\/>\n\n\n\n<h2 class=\"wp-block-heading eplus-wrapper\" id=\"2022-exploring-again\">2023: Ready for Boarding<\/h2>\n\n\n\n<p class=\"eplus-wrapper wp-block-paragraph\"><\/p>\n\n\n\n<p class=\"wp-block-paragraph\"><i class=\"fas fa-ban\"><\/i> <s>Cluj, Romania \ud83c\uddf7\ud83c\uddf4 <\/s> wegen Streik<\/p>\n\n\n\n<p class=\"wp-block-paragraph\">\ud83d\udeeb <a href=\"https:\/\/ralupo.me\/archive\/2692\">Riga, Latvia<\/a> \ud83c\uddf1\ud83c\uddfb <\/p>\n\n\n\n<p class=\"wp-block-paragraph\">\ud83d\udeeb <a href=\"https:\/\/ralupo.me\/archive\/9998\">Tallinn, Estonia \ud83c\uddea\ud83c\uddea<\/a><\/p>\n\n\n\n<p class=\"wp-block-paragraph\">\ud83d\udeeb <a href=\"https:\/\/ralupo.me\/wochenende-in-ljubljana\/\">Ljubljana, Slovenia \ud83c\uddf8\ud83c\uddee <\/a><\/p>\n\n\n\n<p class=\"wp-block-paragraph\">\ud83d\udeeb<a href=\"https:\/\/ralupo.me\/lupo-goes-lviv-i-vorbereitungen\/\"> Lviv, Ukraine \ud83c\uddfa\ud83c\udde6<\/a><\/p>\n\n\n\n<p class=\"wp-block-paragraph\">\ud83d\udeeb <a href=\"https:\/\/ralupo.me\/archive\/10268\">Vilnius, Lithuania \ud83c\uddf1\ud83c\uddf9 <\/a><\/p>\n\n\n\n<p class=\"wp-block-paragraph\">\ud83d\udeeb <a href=\"https:\/\/ralupo.me\/archive\/10897\">Breslau, Polen \ud83c\uddf5\ud83c\uddf1<\/a> <\/p>\n\n\n\n<p class=\"wp-block-paragraph\">\ud83d\udeeb <a href=\"https:\/\/ralupo.me\/archive\/13001\">Chisinau, Moldova \ud83c\uddf2\ud83c\udde9 <\/a><\/p>\n\n\n\n<p class=\"wp-block-paragraph\"><\/p>\n\n\n\n<p class=\"eplus-wrapper wp-block-paragraph\"><\/p>\n\n\n<div class='iwm_map_canvas'><div id='map_canvas_15' class='i_world_map ' class='iwm_map_canvas'><div class='iwm_placeholder'><img data-recalc-dims=\"1\"  alt=' Placeholder' title='' src=\"https:\/\/i0.wp.com\/ralupo.me\/wp-content\/plugins\/interactive-world-maps\/imgs\/placeholder.png?ssl=1\"><br><\/div><\/div><\/div>\n\n\n\n<hr class=\"wp-block-separator has-alpha-channel-opacity\"\/>\n\n\n\n<h2 class=\"wp-block-heading eplus-wrapper\" id=\"2022-exploring-again\">2022: Mostly grounded and stood with Ukraine<\/h2>\n\n\n\n<p class=\"eplus-wrapper wp-block-paragraph\"><\/p>\n\n\n\n<p class=\"wp-block-paragraph\">\ud83d\udeeb <a href=\"https:\/\/ralupo.me\/talli\/\">Tallinn<\/a>, \ud83c\uddea\ud83c\uddea <\/p>\n\n\n\n<p class=\"eplus-wrapper wp-block-paragraph\">\ud83d\udeeb <a href=\"https:\/\/ralupo.me\/k\/\">Kirkenes, \ud83c\uddf3\ud83c\uddf4<\/a><\/p>\n\n\n\n<p class=\"wp-block-paragraph\">\ud83d\udeeb <a rel=\"noreferrer noopener\" href=\"https:\/\/ralupo.me\/wien\/\" target=\"_blank\">Vienna, \ud83c\udde6\ud83c\uddf9<\/a><\/p>\n\n\n\n<p class=\"wp-block-paragraph\"><\/p>\n\n\n\n<hr class=\"wp-block-separator has-css-opacity eplus-wrapper\"\/>\n\n\n\n<h2 class=\"wp-block-heading eplus-wrapper\" id=\"2021-recovering-travel\">2021: Recovering Travel<\/h2>\n\n\n\n<p class=\"eplus-wrapper wp-block-paragraph\">Auch dieses Jahr keine Langstrecke, aber dank des Meilen-Pushers von Miles&#038;More war nach 32 Fl\u00fcgen innereurop\u00e4isch auch der Senator-Status wieder da. Das macht Lust auf mehr. In 2022.<\/p>\n\n\n\n<p class=\"eplus-wrapper wp-block-paragraph\">\ud83d\udeeb  <strong>Review<\/strong>: <a href=\"https:\/\/ralupo.me\/odessa-reloaded\">Odessa Reloaded<\/a> \ud83c\uddfa\ud83c\udde6 | Zuvor <a href=\"https:\/\/ralupo.me\/odessa\/\">Odessa (2018)<\/a> \ud83c\uddfa\ud83c\udde6<\/p>\n\n\n\n<p class=\"eplus-wrapper wp-block-paragraph\">\ud83d\udeeb <strong>Review<\/strong>: <a href=\"https:\/\/ralupo.me\/croatia-airlines-nach-zagreb-und-split\/\">Split<\/a> \ud83c\udded\ud83c\uddf7<\/p>\n\n\n\n<p class=\"eplus-wrapper wp-block-paragraph\">\ud83d\udeeb <strong>Review<\/strong>: <a href=\"https:\/\/ralupo.me\/warschau-radisson-collection-warsaw\/\">Warschau<\/a> \ud83c\uddf5\ud83c\uddf1 <\/p>\n\n\n\n<p class=\"eplus-wrapper wp-block-paragraph\">\ud83d\udeeb <strong>Rewiew<\/strong>: <a href=\"https:\/\/ralupo.me\/?s=Kiew\">A lot of Kyiv<\/a> \ud83c\uddfa\ud83c\udde6<\/p>\n\n\n\n<div class='iwm_map_canvas'><div id='map_canvas_13' class='i_world_map ' class='iwm_map_canvas'><div class='iwm_placeholder'><img data-recalc-dims=\"1\"  alt='Osteuropa Placeholder' title='Osteuropa' src=\"https:\/\/i0.wp.com\/ralupo.me\/wp-content\/plugins\/interactive-world-maps\/imgs\/placeholder.png?ssl=1\"><br>Osteuropa<\/div><\/div><\/div>\n\n\n\n<hr class=\"wp-block-separator has-css-opacity eplus-wrapper\"\/>\n\n\n\n<h2 class=\"wp-block-heading eplus-wrapper\" id=\"2020-annuliert\">2020 : Annuliert<\/h2>\n\n\n\n<p class=\"eplus-wrapper wp-block-paragraph\">\u274c Bedingt durch die Corona-Pandemie fallen zahlreiche Ideen f\u00fcr dieses Jahr erstmal ins Wasser. <\/p>\n\n\n\n<p class=\"eplus-wrapper wp-block-paragraph\">Im Februar ging es kurz vor dem Corona-Ausbruch noch nach <strong>Florenz<\/strong> \ud83c\uddee\ud83c\uddf9.<\/p>\n\n\n\n<p class=\"eplus-wrapper wp-block-paragraph\">Ich bin froh, wenn erstmal <a class=\"rank-math-link\" href=\"https:\/\/ralupo.me\/?s=Kiew\">Kiew<\/a> \ud83c\uddfa\ud83c\udde6 und vielleicht im Sp\u00e4tsommer noch <a href=\"https:\/\/ralupo.me\/?s=Odessa\">Odessa<\/a> \ud83c\uddfa\ud83c\udde6 angeflogen werden k\u00f6nnen. Die Langstrecke ist erst mal nicht auf dem Plan.<\/p>\n\n\n\n<div class='iwm_map_canvas'><div id='map_canvas_1' class='i_world_map ' class='iwm_map_canvas'><div class='iwm_placeholder'><img data-recalc-dims=\"1\"  alt='2020 Placeholder' title='2020' src=\"https:\/\/i0.wp.com\/ralupo.me\/wp-content\/plugins\/interactive-world-maps\/imgs\/placeholder.png?ssl=1\"><br>2020<\/div><\/div><\/div>\n\n\n\n<hr class=\"wp-block-separator has-css-opacity eplus-wrapper\"\/>\n\n\n\n<h2 class=\"wp-block-heading eplus-wrapper\" id=\"2019-mostly-eastbound\">2019: Mostly Eastbound<\/h2>\n\n\n\n<div class='iwm_map_canvas'><div id='map_canvas_2' class='i_world_map ' class='iwm_map_canvas'><div class='iwm_placeholder'><img data-recalc-dims=\"1\"  alt='2019 Placeholder' title='2019' src=\"https:\/\/i0.wp.com\/ralupo.me\/wp-content\/plugins\/interactive-world-maps\/imgs\/placeholder.png?ssl=1\"><br>2019<\/div><\/div><\/div>\n\n\n\n<p class=\"eplus-wrapper wp-block-paragraph\">\ud83d\udeeb <strong>Review<\/strong>: <a href=\"https:\/\/ralupo.me\/almaty\/\">Almaty, Kasachstan<\/a> \ud83c\uddf0\ud83c\uddff <br>\ud83d\udeeb Review: <a href=\"https:\/\/ralupo.me\/tristesse-in-der-sonnenstadt\/\">Minsk<\/a> \u25fb\ufe0f\ud83d\udfe5\u25fb\ufe0f<\/p>\n\n\n\n<hr class=\"wp-block-separator has-css-opacity eplus-wrapper\"\/>\n\n\n\n<h2 class=\"wp-block-heading eplus-wrapper\" id=\"2018-east-and-west\">2018: East and West<\/h2>\n\n\n\n<div class='iwm_map_canvas'><div id='map_canvas_3' class='i_world_map ' class='iwm_map_canvas'><div class='iwm_placeholder'><img data-recalc-dims=\"1\"  alt='2018 Placeholder' title='2018' src=\"https:\/\/i0.wp.com\/ralupo.me\/wp-content\/plugins\/interactive-world-maps\/imgs\/placeholder.png?ssl=1\"><br>2018<\/div><\/div><\/div>\n\n\n\n<p class=\"eplus-wrapper wp-block-paragraph\">\ud83d\udeeb <strong>Review<\/strong>: <a href=\"https:\/\/ralupo.me\/taipeh-taiwan\/\">Taipeh<\/a> , Taiwan \ud83c\uddf9\ud83c\uddfc <\/p>\n\n\n\n<p class=\"eplus-wrapper wp-block-paragraph\">\ud83d\udeeb <strong>Review<\/strong>: <a href=\"https:\/\/ralupo.me\/seoul\/\">Seoul<\/a> \ud83c\uddf0\ud83c\uddf7<\/p>\n\n\n\n<p class=\"eplus-wrapper wp-block-paragraph\">\ud83d\udeeb <strong>Review<\/strong>: <a href=\"https:\/\/ralupo.me\/hongkongs-tod\/\">Hongkong<\/a> \ud83c\udded\ud83c\uddf0<\/p>\n\n\n\n<p class=\"eplus-wrapper wp-block-paragraph\">\ud83d\udeeb <strong>Review<\/strong>: <a href=\"https:\/\/ralupo.me\/mexico-df\/\">Mexico, DF<\/a>, \ud83c\uddf2\ud83c\uddfd <\/p>\n\n\n\n<p class=\"eplus-wrapper wp-block-paragraph\">\ud83d\udeeb<strong> Review<\/strong>: San Francisco, \ud83c\uddfa\ud83c\uddf8 <\/p>\n\n\n\n<p class=\"eplus-wrapper wp-block-paragraph\">\ud83d\udeeb<strong> Review<\/strong>: <a href=\"https:\/\/ralupo.me\/lima\/\">Lima, Peru<\/a>  \ud83c\uddf5\ud83c\uddea <\/p>\n\n\n\n\n\n<hr class=\"wp-block-separator has-css-opacity eplus-wrapper\"\/>\n","protected":false},"excerpt":{"rendered":"<p>Auf dieser Seite findet sich eine \u00dcbersicht meiner Reisen, \u00fcber die ich bislang geschrieben habe. Au\u00dferdem gibt es eine Aussicht auf anstehende Reisen und in Planung befindliche Projekte. Diese L\u00e4nder [&hellip;]<\/p>\n","protected":false},"author":1,"featured_media":3503,"parent":0,"menu_order":0,"comment_status":"closed","ping_status":"closed","template":"","meta":{"_crdt_document":"","advanced_seo_description":"","jetpack_seo_html_title":"","jetpack_seo_noindex":false,"_EventAllDay":false,"_EventTimezone":"","_EventStartDate":"","_EventEndDate":"","_EventStartDateUTC":"","_EventEndDateUTC":"","_EventShowMap":false,"_EventShowMapLink":false,"_EventURL":"","_EventCost":"","_EventCostDescription":"","_EventCurrencySymbol":"","_EventCurrencyCode":"","_EventCurrencyPosition":"","_EventDateTimeSeparator":"","_EventTimeRangeSeparator":"","_EventOrganizerID":[],"_EventVenueID":[0],"_OrganizerEmail":"","_OrganizerPhone":"","_OrganizerWebsite":"","_VenueAddress":"","_VenueCity":"","_VenueCountry":"","_VenueProvince":"","_VenueState":"","_VenueZip":"","_VenuePhone":"","_VenueURL":"","_VenueStateProvince":"","_VenueLat":"","_VenueLng":"","_VenueShowMap":false,"_VenueShowMapLink":false,"jetpack_post_was_ever_published":false,"footnotes":""},"class_list":["post-19","page","type-page","status-publish","has-post-thumbnail","hentry"],"jetpack_sharing_enabled":true,"jetpack-related-posts":[{"id":14569,"url":"https:\/\/ralupo.me\/en\/14569-2","url_meta":{"origin":19,"position":0},"title":"B\u00fccherliste 2025","author":"Lupo","date":"2. January 2025","format":false,"excerpt":"[:de] Recently read and recommended books in\u00a02025 Alle B\u00fccherlisten seit 2020 Reckwitz, Verlust. Ein Grundproblem der Moderne, 2024Strunk, Zauberberg 2, 2024 | Paradise Lost (FAZ)\ud83d\udfe1 Rastorgueva, Pop up Propaganda. Epikrise der russischen Selbstvergiftung, 2025 | \"Ach was, die Briten essen also Eichh\u00f6rnchen?\" (FAZ) | Rezension im BlogGavelis, Vilnius Poker, 2024\u2026","rel":"","context":"Similar post","block_context":{"text":"Similar post","link":""},"img":{"alt_text":"","src":"","width":0,"height":0},"classes":[]},{"id":9453,"url":"https:\/\/ralupo.me\/en\/buecher-4","url_meta":{"origin":19,"position":1},"title":"B\u00fccher 2023","author":"Lupo","date":"3. January 2023","format":false,"excerpt":"[:de] B\u00fccher Recently read and recommended books in\u00a02023 Alle B\u00fccherlisten seit 2020 Non-fiction\u00a0| Sachb\u00fccherFiction\u00a0| BelletristikAdler, Die Ukraine und wir. Deutschlands Versagen und die Lehren f\u00fcr die Zukunft, Berlin 2022Twardoch, Morphin, 2014, Fatland, Die Grenze, Eine Reise rund um Russland, 2019Znak, Zekamerone, Geschichten aus dem Gef\u00e4ngnis, 2023 | Rezension im BlogSchauer,\u2026","rel":"","context":"Similar post","block_context":{"text":"Similar post","link":""},"img":{"alt_text":"","src":"","width":0,"height":0},"classes":[]},{"id":15312,"url":"https:\/\/ralupo.me\/en\/buecherliste-2026","url_meta":{"origin":19,"position":2},"title":"B\u00fccherliste 2026","author":"Lupo","date":"26. December 2025","format":false,"excerpt":"[:de] Alle B\u00fccherlisten seit 2020 Kracauer, Totalit\u00e4re Propaganda, 2013Krasznahorkai, Zs\u00f6mle ist weg, 2025 | \u201eein einziger langer Gedankenstrom\u201c (NDR) \ud83d\udcda\ud83c\udded\ud83c\uddfaAljoschina, Political Girl, Pussy Riot \u2013 Leben und Schicksal in Putins Russland, 2025Johnson, Berliner Sachen, Werkausgabe, Bd 1, 2025Bakunina, The Good Russian: In Search of a Nation's Soul, 2025Martinowitsch, Das Gute\u2026","rel":"","context":"Similar post","block_context":{"text":"Similar post","link":""},"img":{"alt_text":"","src":"https:\/\/i0.wp.com\/ralupo.me\/wp-content\/uploads\/2026\/01\/VeNs.gif?resize=350%2C200&ssl=1","width":350,"height":200},"classes":[]},{"id":2537,"url":"https:\/\/ralupo.me\/en\/buecher-3","url_meta":{"origin":19,"position":3},"title":"B\u00fccher","author":"Lupo","date":"26. December 2021","format":false,"excerpt":"[:de] Recently read and recommended books in\u00a02022 Alle B\u00fccherlisten seit 2020 Non-fiction\u00a0| Sachb\u00fccherFiction\u00a0| BelletristikAndruchowytsch, Das letzte Territorium, 2003,\ud83c\uddfa\ud83c\udde6 | Rezension DeutschlandfunkZhadan, Mesopotamien, 2017, \ud83c\uddfa\ud83c\udde6 | Poetisches aus dem ukrainischen Zweistromland (NZZ)King\/Gerisch\/Rosa (Hg.), Lost in Perfection. Zur Optimierung von Gesellschaft und Psyche, 2022, \ud83c\udde9\ud83c\uddeaSalzmann, Im Menschen muss alles herrlich sein, 2021,\u2026","rel":"","context":"Similar post","block_context":{"text":"Similar post","link":""},"img":{"alt_text":"","src":"https:\/\/i0.wp.com\/ralupo.me\/wp-content\/uploads\/2022\/04\/img_6986_jpg-scaled.jpg?fit=1200%2C900&ssl=1&resize=350%2C200","width":350,"height":200,"srcset":"https:\/\/i0.wp.com\/ralupo.me\/wp-content\/uploads\/2022\/04\/img_6986_jpg-scaled.jpg?fit=1200%2C900&ssl=1&resize=350%2C200 1x, https:\/\/i0.wp.com\/ralupo.me\/wp-content\/uploads\/2022\/04\/img_6986_jpg-scaled.jpg?fit=1200%2C900&ssl=1&resize=525%2C300 1.5x, https:\/\/i0.wp.com\/ralupo.me\/wp-content\/uploads\/2022\/04\/img_6986_jpg-scaled.jpg?fit=1200%2C900&ssl=1&resize=700%2C400 2x, https:\/\/i0.wp.com\/ralupo.me\/wp-content\/uploads\/2022\/04\/img_6986_jpg-scaled.jpg?fit=1200%2C900&ssl=1&resize=1050%2C600 3x"},"classes":[]},{"id":13077,"url":"https:\/\/ralupo.me\/en\/buecherliste-2024","url_meta":{"origin":19,"position":4},"title":"B\u00fccherliste 2024","author":"Lupo","date":"3. January 2024","format":false,"excerpt":"[:de] Recently read and recommended books in\u00a02024 Alle B\u00fccherlisten seit 2020 Selk, Demokratied\u00e4mmerung. Eine Kritik der Demokratietheorie, Berlin, 2023 | \"Kein Happy-End f\u00fcr die Demokratie\" DIE ZEITPeltzer, Der Ernst des Lebens, Frankfurt am Main, 2024 | Auch die Gr\u00fcnen wollen an die Fleischt\u00f6pfe (NZZ)Menzel, Wendepunkte. Am \u00dcbergang zum autorit\u00e4ren Jahrhundert,\u2026","rel":"","context":"Similar post","block_context":{"text":"Similar post","link":""},"img":{"alt_text":"","src":"","width":0,"height":0},"classes":[]},{"id":1374,"url":"https:\/\/ralupo.me\/en\/buecher-2","url_meta":{"origin":19,"position":5},"title":"B\u00fccher 2021","author":"Lupo","date":"1. January 2021","format":false,"excerpt":"[:de] Recently read and recommended books in 2021 Alle B\u00fccherlisten seit 2020 Non-fiction | Sachb\u00fccherFiction | BelletristikSimmel, Essays zur Kulturphilosophie, (Sammelband), \ud83c\udde9\ud83c\uddea2020Just, Am Rand der D\u00e4cher, 2020 \ud83c\udde9\ud83c\uddeaNeuh\u00e4user\/Seidel (Hg.), Kritik des Moralismus, 2020 \ud83c\udde9\ud83c\uddea, \ud83d\udc4dLeroy, Der Schutzengel, 2020 \ud83c\uddeb\ud83c\uddf7| \u201eSein Geisterleben\u201c, FAZ, \ud83d\udc4d M\u00fcller, Krise und Kritik. Klassiker der soziologischen\u2026","rel":"","context":"Similar post","block_context":{"text":"Similar post","link":""},"img":{"alt_text":"","src":"https:\/\/i0.wp.com\/ralupo.me\/wp-content\/uploads\/2022\/04\/img_6986_jpg-scaled.jpg?fit=1200%2C900&ssl=1&resize=350%2C200","width":350,"height":200,"srcset":"https:\/\/i0.wp.com\/ralupo.me\/wp-content\/uploads\/2022\/04\/img_6986_jpg-scaled.jpg?fit=1200%2C900&ssl=1&resize=350%2C200 1x, https:\/\/i0.wp.com\/ralupo.me\/wp-content\/uploads\/2022\/04\/img_6986_jpg-scaled.jpg?fit=1200%2C900&ssl=1&resize=525%2C300 1.5x, https:\/\/i0.wp.com\/ralupo.me\/wp-content\/uploads\/2022\/04\/img_6986_jpg-scaled.jpg?fit=1200%2C900&ssl=1&resize=700%2C400 2x, https:\/\/i0.wp.com\/ralupo.me\/wp-content\/uploads\/2022\/04\/img_6986_jpg-scaled.jpg?fit=1200%2C900&ssl=1&resize=1050%2C600 3x"},"classes":[]}],"jetpack_shortlink":"https:\/\/wp.me\/PcanHs-j","_links":{"self":[{"href":"https:\/\/ralupo.me\/en\/wp-json\/wp\/v2\/pages\/19","targetHints":{"allow":["GET"]}}],"collection":[{"href":"https:\/\/ralupo.me\/en\/wp-json\/wp\/v2\/pages"}],"about":[{"href":"https:\/\/ralupo.me\/en\/wp-json\/wp\/v2\/types\/page"}],"author":[{"embeddable":true,"href":"https:\/\/ralupo.me\/en\/wp-json\/wp\/v2\/users\/1"}],"replies":[{"embeddable":true,"href":"https:\/\/ralupo.me\/en\/wp-json\/wp\/v2\/comments?post=19"}],"version-history":[{"count":26,"href":"https:\/\/ralupo.me\/en\/wp-json\/wp\/v2\/pages\/19\/revisions"}],"predecessor-version":[{"id":13057,"href":"https:\/\/ralupo.me\/en\/wp-json\/wp\/v2\/pages\/19\/revisions\/13057"}],"wp:featuredmedia":[{"embeddable":true,"href":"https:\/\/ralupo.me\/en\/wp-json\/wp\/v2\/media\/3503"}],"wp:attachment":[{"href":"https:\/\/ralupo.me\/en\/wp-json\/wp\/v2\/media?parent=19"}],"curies":[{"name":"wp","href":"https:\/\/api.w.org\/{rel}","templated":true}]}}