{"id":15312,"date":"2025-12-26T13:31:22","date_gmt":"2025-12-26T12:31:22","guid":{"rendered":"https:\/\/ralupo.me\/?page_id=15312"},"modified":"2026-04-24T22:12:45","modified_gmt":"2026-04-24T20:12:45","slug":"buecherliste-2026","status":"publish","type":"page","link":"https:\/\/ralupo.me\/en\/buecherliste-2026","title":{"rendered":"B\u00fccherliste 2026"},"content":{"rendered":"\n<p class=\"has-text-align-center wp-block-paragraph\"><a href=\"https:\/\/ralupo.me\/buecherlisten\" data-type=\"link\" data-id=\"https:\/\/ralupo.me\/buecherlisten\">Alle <strong>B\u00fccherliste<\/strong>n seit 2020<\/a><\/p>\n\n\n\n<figure class=\"wp-block-table\"><table class=\"has-fixed-layout\"><tbody><tr><td><em>Kracauer<\/em>, Totalit\u00e4re Propaganda, 2013<\/td><td><em>Krasznahorkai<\/em>, Zs\u00f6mle ist weg, 2025 | <a href=\"https:\/\/www.ndr.de\/kultur\/buch\/tipps\/buch-der-woche-zsoemle-ist-weg-von-nobelpreistraeger-krasznahorkai,krasznahorkai-106.html\">\u201eein einziger langer Gedankenstrom\u201c<\/a> (NDR) \ud83d\udcda\ud83c\udded\ud83c\uddfa<\/td><\/tr><tr><td><em>Aljoschina<\/em>, Political Girl, Pussy Riot \u2013 Leben und Schicksal in Putins Russland, 2025<\/td><td><em>Johnson<\/em>, Berliner Sachen, Werkausgabe, Bd 1, 2025<\/td><\/tr><tr><td><em>Bakunina<\/em>, The Good Russian: In Search of a Nation&#8217;s Soul, 2025<\/td><td><em>Martinowitsch<\/em>, Das Gute siegt, 2025 | <a href=\"https:\/\/www.faz.net\/aktuell\/feuilleton\/buecher\/literatur\/viktor-martinowitschs-roman-das-gute-siegt-110815590.html\">&#8220;Portr\u00e4t eines Landes in Schockstarre&#8221;<\/a> (FAZ) \ud83d\udcda\ud83d\udd34\u26aa\ufe0f\ud83d\udd34<\/td><\/tr><tr><td><em>Martin<\/em>, &#8220;Brauchen wir Ketzer?&#8221; \u2013 Stimmen gegen die Macht: Portraits<\/td><td><em>Markovic<\/em>, Kinder, 2025, \ud83c\uddf7\ud83c\uddf8<\/td><\/tr><tr><td><em>Hampe<\/em>, Krise der Aufkl\u00e4rung, 2025 | <a href=\"https:\/\/www.faz.net\/aktuell\/feuilleton\/buecher\/sachbuch\/philosoph-michael-hampe-ueber-die-neue-aufklaerungskrise-accg-110809327.html\">&#8220;Elon Musk erpresst Europa technologisch&#8221;<\/a> (FAZ)<\/td><td><em>H\u00fcnger<\/em>, Wir drehen dem Meer unsere R\u00fccken zu, 2025 \ud83c\udde9\ud83c\uddea<\/td><\/tr><tr><td><em>Soldatov\/Borogan<\/em>, Our Dear Friends in Moscow: The inside Story of a broken Generation, 2025 \ud83d\udcda<\/td><td><em>Deresch<\/em>, Die Anbetung der Eidechse. Oder: Wie man Engel vernichtet, 2006 \ud83d\udcda \ud83c\uddfa\ud83c\udde6<\/td><\/tr><tr><td><em>Bluhm<\/em>, Russland und der Westen. Ideologie, \u00d6konomie und Politik seit dem Ende der Sowjetunion, 2023 \ud83d\udcda<\/td><td><em>Dinev<\/em>, Zeit der Mutigen, 2025<\/td><\/tr><tr><td><em>M\u00fcller-Funk<\/em>, Grenzen. Ein Versuch \u00fcber den Menschen, 2025 \ud83d\udcda<\/td><td><em>Ciokan<\/em>, Am Morgen kommen die Russen, 2025 | \u201e<a href=\"https:\/\/www.faz.net\/aktuell\/feuilleton\/buecher\/literatur\/iulian-ciocans-roman-am-morgen-kommen-die-russen-110831660.html\">Er muss eine Sprache lehren, die von den Sowjets erfunden wurde\u201c<br>(FAZ)<\/a> \ud83d\udcda\ud83c\uddf2\ud83c\udde9<\/td><\/tr><tr><td><em>Moyn<\/em>, Der Liberalismus gegen sich selbst: Intellektuelle im Kalten Krieg und die Entstehung der Gegenwart, 2024<\/td><td><em>Kusnezow<\/em>, Babyn Jar. Roman eines Augenzeugen, 2025 | \u201e<a href=\"https:\/\/taz.de\/Roman-ueber-Babyn-Jar-Massaker\/!6145131\/\">Nichts ist ausgedacht, nichts ist \u00fcbertrieben<\/a>\u201c (taz),\ud83d\udcda \ud83c\uddfa\ud83c\udde6<\/td><\/tr><tr><td><em>Slobodian\/Tarnoff<\/em>, Muskismus. Aufstieg und Herrschaft eines Technokings, 2026<\/td><td><em>Becker<\/em>, Von Barschen, August\u00e4pfeln und anderen Menschen, 2026 | &#8220;<a href=\"https:\/\/www.swr.de\/kultur\/literatur\/artur-becker-von-barschen-augustaepfeln-und-anderen-menschen-100.html\">Wenn Geschichte durch Literatur erfahrbar wird<\/a>&#8221; (SWR) \ud83d\udcda \ud83c\uddf5\ud83c\uddf1<\/td><\/tr><tr><td><em>Arnold\/Fuchs<\/em>, Das uners\u00e4ttliche Selbst. Ph\u00e4nomenologie des Narzissmus, 2026, \ud83d\udcda <\/td><td><em>Maslowska<\/em>, Im Paradies, 2026 | &#8220;<a href=\"https:\/\/www.faz.net\/aktuell\/feuilleton\/buecher\/autoren\/polnische-raetsel-starautorin-dorota-masowska-im-portraet-110840084.html\">Das Paradies ist eine Haltung<\/a>&#8221; (FAZ) | <a href=\"https:\/\/ralupo.me\/archive\/15494\">&#8220;Kein Paradies in Sicht&#8221;. Rezension im Blog<\/a> -\ud83d\udcda \ud83c\uddf5\ud83c\uddf1<\/td><\/tr><tr><td><img data-recalc-dims=\"1\" decoding=\"async\" width=\"15\" height=\"15\" data-attachment-id=\"15338\" data-permalink=\"https:\/\/ralupo.me\/en\/buecherliste-2026\/vens\" data-orig-file=\"https:\/\/i0.wp.com\/ralupo.me\/wp-content\/uploads\/2026\/01\/VeNs.gif?fit=200%2C200&amp;ssl=1\" data-orig-size=\"200,200\" data-comments-opened=\"1\" data-image-meta=\"{&quot;aperture&quot;:&quot;0&quot;,&quot;credit&quot;:&quot;&quot;,&quot;camera&quot;:&quot;&quot;,&quot;caption&quot;:&quot;&quot;,&quot;created_timestamp&quot;:&quot;0&quot;,&quot;copyright&quot;:&quot;&quot;,&quot;focal_length&quot;:&quot;0&quot;,&quot;iso&quot;:&quot;0&quot;,&quot;shutter_speed&quot;:&quot;0&quot;,&quot;title&quot;:&quot;&quot;,&quot;orientation&quot;:&quot;0&quot;}\" data-image-title=\"VeNs\" data-image-description=\"\" data-image-caption=\"\" data-medium-file=\"https:\/\/i0.wp.com\/ralupo.me\/wp-content\/uploads\/2026\/01\/VeNs.gif?fit=200%2C200&amp;ssl=1\" data-large-file=\"https:\/\/i0.wp.com\/ralupo.me\/wp-content\/uploads\/2026\/01\/VeNs.gif?fit=200%2C200&amp;ssl=1\" class=\"wp-image-15338\" style=\"width: 15px;\" src=\"https:\/\/i0.wp.com\/ralupo.me\/wp-content\/uploads\/2026\/01\/VeNs.gif?resize=15%2C15&#038;ssl=1\" alt=\"\"> <em>Kolesnikov<\/em>, The Closing of the Russian Mind. How Putin&#8217;s ideology took the nation hostage, 2026, <\/td><td><em>Magnusson<\/em>, Die Reise ans Ende der Geschichte, 2026 | <a href=\"https:\/\/www.faz.net\/aktuell\/feuilleton\/buecher\/literatur\/wie-ist-kristof-magnussons-die-reise-ans-ende-der-geschichte-110845029.html\">&#8220;Hammer, Sichel, Aas, Spion&#8221;<\/a> (FAZ) \ud83d\udcda\ud83c\udde9\ud83c\uddea<\/td><\/tr><tr><td><em>Perthes<\/em>, Die Multipolarisierung der Welt, 2026<\/td><td><em>Armen<\/em>, Jerewan, 2026, \ud83c\udde6\ud83c\uddf2<\/td><\/tr><tr><td><em>Ullrich<\/em>, \u201eMemokratie\u201c. Soziale Medien und autorit\u00e4re Bildpolitik, 2026<\/td><td><em>Rietzschel<\/em>, Sanditz, 2026<\/td><\/tr><tr><td><em>Kalmar<\/em>, Wei\u00df, aber nicht ganz. Die illiberale Revolte in der Mitte Europas, 2026<\/td><td><em>Kljutscharjowa<\/em>, Woher kommst Du. Tagebuch einer Gefl\u00fcchteten, 2026 | \u201e<a href=\"https:\/\/www.nzz.ch\/feuilleton\/mitschuldig-ohne-aussicht-auf-vergebung-das-eindringliche-tagebuch-einer-aus-russland-gefluechteten-ld.1931615\">Mitschuldig ohne Aussicht auf Vergebung \u2013 das eindringliche Tagebuch einer aus Russland Gefl\u00fcchteten<\/a>\u201c (NZZ) \ud83d\udcda<\/td><\/tr><tr><td>Haffner, Der Teufelspakt. Eine Geschichte der deutsch-russischen Beziehungen, 2026.<\/td><td><img data-recalc-dims=\"1\" decoding=\"async\" width=\"15\" height=\"15\" data-attachment-id=\"15338\" data-permalink=\"https:\/\/ralupo.me\/en\/buecherliste-2026\/vens\" data-orig-file=\"https:\/\/i0.wp.com\/ralupo.me\/wp-content\/uploads\/2026\/01\/VeNs.gif?fit=200%2C200&amp;ssl=1\" data-orig-size=\"200,200\" data-comments-opened=\"1\" data-image-meta=\"{&quot;aperture&quot;:&quot;0&quot;,&quot;credit&quot;:&quot;&quot;,&quot;camera&quot;:&quot;&quot;,&quot;caption&quot;:&quot;&quot;,&quot;created_timestamp&quot;:&quot;0&quot;,&quot;copyright&quot;:&quot;&quot;,&quot;focal_length&quot;:&quot;0&quot;,&quot;iso&quot;:&quot;0&quot;,&quot;shutter_speed&quot;:&quot;0&quot;,&quot;title&quot;:&quot;&quot;,&quot;orientation&quot;:&quot;0&quot;}\" data-image-title=\"VeNs\" data-image-description=\"\" data-image-caption=\"\" data-medium-file=\"https:\/\/i0.wp.com\/ralupo.me\/wp-content\/uploads\/2026\/01\/VeNs.gif?fit=200%2C200&amp;ssl=1\" data-large-file=\"https:\/\/i0.wp.com\/ralupo.me\/wp-content\/uploads\/2026\/01\/VeNs.gif?fit=200%2C200&amp;ssl=1\" class=\"wp-image-15338\" style=\"width: 15px;\" src=\"https:\/\/i0.wp.com\/ralupo.me\/wp-content\/uploads\/2026\/01\/VeNs.gif?resize=15%2C15&#038;ssl=1\" alt=\"\"> <em>Amelina<\/em>, Ein Zuhause f\u00fcr Dom, 2025, \ud83c\uddfa\ud83c\udde6\ud83d\udcda<\/td><\/tr><tr><td><\/td><td><em>Poladjan<\/em>, Goldstrand, 2026 | \u201e<a href=\"https:\/\/www.faz.net\/aktuell\/feuilleton\/buecher\/literatur\/katerina-poladjans-roman-goldstrand-accg-110692055.html\">Und das ist der ganze Film?<\/a> (FAZ) \ud83c\udde9\ud83c\uddea\ud83d\udcda<\/td><\/tr><\/tbody><\/table><\/figure>\n\n\n\n<p class=\"wp-block-paragraph\"><\/p>\n","protected":false},"excerpt":{"rendered":"<p>Alle B\u00fccherlisten seit 2020 Kracauer, Totalit\u00e4re Propaganda, 2013 Krasznahorkai, Zs\u00f6mle ist weg, 2025 | \u201eein einziger langer Gedankenstrom\u201c (NDR) \ud83d\udcda\ud83c\udded\ud83c\uddfa Aljoschina, Political Girl, Pussy Riot \u2013 Leben und Schicksal in [&hellip;]<\/p>\n","protected":false},"author":1,"featured_media":0,"parent":0,"menu_order":0,"comment_status":"closed","ping_status":"closed","template":"","meta":{"_crdt_document":"","advanced_seo_description":"","jetpack_seo_html_title":"","jetpack_seo_noindex":false,"_EventAllDay":false,"_EventTimezone":"","_EventStartDate":"","_EventEndDate":"","_EventStartDateUTC":"","_EventEndDateUTC":"","_EventShowMap":false,"_EventShowMapLink":false,"_EventURL":"","_EventCost":"","_EventCostDescription":"","_EventCurrencySymbol":"","_EventCurrencyCode":"","_EventCurrencyPosition":"","_EventDateTimeSeparator":"","_EventTimeRangeSeparator":"","_EventOrganizerID":[],"_EventVenueID":[],"_OrganizerEmail":"","_OrganizerPhone":"","_OrganizerWebsite":"","_VenueAddress":"","_VenueCity":"","_VenueCountry":"","_VenueProvince":"","_VenueState":"","_VenueZip":"","_VenuePhone":"","_VenueURL":"","_VenueStateProvince":"","_VenueLat":"","_VenueLng":"","_VenueShowMap":false,"_VenueShowMapLink":false,"jetpack_post_was_ever_published":false,"footnotes":""},"class_list":["post-15312","page","type-page","status-publish","hentry"],"jetpack_sharing_enabled":true,"jetpack-related-posts":[{"id":13071,"url":"https:\/\/ralupo.me\/en\/buecherlisten","url_meta":{"origin":15312,"position":0},"title":"B\u00fccherlisten","author":"Lupo","date":"3. January 2024","format":false,"excerpt":"[:de] Hier eine Auswahl meiner Leselisten der letzten Jahre, Belletristik und Fachb\u00fccher, nebst Rezensionen der B\u00fccher in anderen Medien und eigener Rezensionen in diesem Blog. Aktuelles Jahr: B\u00fccherliste 2026 B\u00fccherliste 2025 B\u00fccherliste 2024B\u00fccherliste 2023B\u00fccherliste 2022B\u00fccherliste 2021B\u00fccherliste 2020 [:]","rel":"","context":"Similar post","block_context":{"text":"Similar post","link":""},"img":{"alt_text":"","src":"","width":0,"height":0},"classes":[]},{"id":13077,"url":"https:\/\/ralupo.me\/en\/buecherliste-2024","url_meta":{"origin":15312,"position":1},"title":"B\u00fccherliste 2024","author":"Lupo","date":"3. January 2024","format":false,"excerpt":"[:de] Recently read and recommended books in\u00a02024 Alle B\u00fccherlisten seit 2020 Selk, Demokratied\u00e4mmerung. Eine Kritik der Demokratietheorie, Berlin, 2023 | \"Kein Happy-End f\u00fcr die Demokratie\" DIE ZEITPeltzer, Der Ernst des Lebens, Frankfurt am Main, 2024 | Auch die Gr\u00fcnen wollen an die Fleischt\u00f6pfe (NZZ)Menzel, Wendepunkte. Am \u00dcbergang zum autorit\u00e4ren Jahrhundert,\u2026","rel":"","context":"Similar post","block_context":{"text":"Similar post","link":""},"img":{"alt_text":"","src":"","width":0,"height":0},"classes":[]},{"id":14569,"url":"https:\/\/ralupo.me\/en\/14569-2","url_meta":{"origin":15312,"position":2},"title":"B\u00fccherliste 2025","author":"Lupo","date":"2. January 2025","format":false,"excerpt":"[:de] Recently read and recommended books in\u00a02025 Alle B\u00fccherlisten seit 2020 Reckwitz, Verlust. Ein Grundproblem der Moderne, 2024Strunk, Zauberberg 2, 2024 | Paradise Lost (FAZ)\ud83d\udfe1 Rastorgueva, Pop up Propaganda. Epikrise der russischen Selbstvergiftung, 2025 | \"Ach was, die Briten essen also Eichh\u00f6rnchen?\" (FAZ) | Rezension im BlogGavelis, Vilnius Poker, 2024\u2026","rel":"","context":"Similar post","block_context":{"text":"Similar post","link":""},"img":{"alt_text":"","src":"","width":0,"height":0},"classes":[]},{"id":1374,"url":"https:\/\/ralupo.me\/en\/buecher-2","url_meta":{"origin":15312,"position":3},"title":"B\u00fccher 2021","author":"Lupo","date":"1. January 2021","format":false,"excerpt":"[:de] Recently read and recommended books in 2021 Alle B\u00fccherlisten seit 2020 Non-fiction | Sachb\u00fccherFiction | BelletristikSimmel, Essays zur Kulturphilosophie, (Sammelband), \ud83c\udde9\ud83c\uddea2020Just, Am Rand der D\u00e4cher, 2020 \ud83c\udde9\ud83c\uddeaNeuh\u00e4user\/Seidel (Hg.), Kritik des Moralismus, 2020 \ud83c\udde9\ud83c\uddea, \ud83d\udc4dLeroy, Der Schutzengel, 2020 \ud83c\uddeb\ud83c\uddf7| \u201eSein Geisterleben\u201c, FAZ, \ud83d\udc4d M\u00fcller, Krise und Kritik. Klassiker der soziologischen\u2026","rel":"","context":"Similar post","block_context":{"text":"Similar post","link":""},"img":{"alt_text":"","src":"https:\/\/i0.wp.com\/ralupo.me\/wp-content\/uploads\/2022\/04\/img_6986_jpg-scaled.jpg?fit=1200%2C900&ssl=1&resize=350%2C200","width":350,"height":200,"srcset":"https:\/\/i0.wp.com\/ralupo.me\/wp-content\/uploads\/2022\/04\/img_6986_jpg-scaled.jpg?fit=1200%2C900&ssl=1&resize=350%2C200 1x, https:\/\/i0.wp.com\/ralupo.me\/wp-content\/uploads\/2022\/04\/img_6986_jpg-scaled.jpg?fit=1200%2C900&ssl=1&resize=525%2C300 1.5x, https:\/\/i0.wp.com\/ralupo.me\/wp-content\/uploads\/2022\/04\/img_6986_jpg-scaled.jpg?fit=1200%2C900&ssl=1&resize=700%2C400 2x, https:\/\/i0.wp.com\/ralupo.me\/wp-content\/uploads\/2022\/04\/img_6986_jpg-scaled.jpg?fit=1200%2C900&ssl=1&resize=1050%2C600 3x"},"classes":[]},{"id":9453,"url":"https:\/\/ralupo.me\/en\/buecher-4","url_meta":{"origin":15312,"position":4},"title":"B\u00fccher 2023","author":"Lupo","date":"3. January 2023","format":false,"excerpt":"[:de] B\u00fccher Recently read and recommended books in\u00a02023 Alle B\u00fccherlisten seit 2020 Non-fiction\u00a0| Sachb\u00fccherFiction\u00a0| BelletristikAdler, Die Ukraine und wir. Deutschlands Versagen und die Lehren f\u00fcr die Zukunft, Berlin 2022Twardoch, Morphin, 2014, Fatland, Die Grenze, Eine Reise rund um Russland, 2019Znak, Zekamerone, Geschichten aus dem Gef\u00e4ngnis, 2023 | Rezension im BlogSchauer,\u2026","rel":"","context":"Similar post","block_context":{"text":"Similar post","link":""},"img":{"alt_text":"","src":"","width":0,"height":0},"classes":[]},{"id":2537,"url":"https:\/\/ralupo.me\/en\/buecher-3","url_meta":{"origin":15312,"position":5},"title":"B\u00fccher","author":"Lupo","date":"26. December 2021","format":false,"excerpt":"[:de] Recently read and recommended books in\u00a02022 Alle B\u00fccherlisten seit 2020 Non-fiction\u00a0| Sachb\u00fccherFiction\u00a0| BelletristikAndruchowytsch, Das letzte Territorium, 2003,\ud83c\uddfa\ud83c\udde6 | Rezension DeutschlandfunkZhadan, Mesopotamien, 2017, \ud83c\uddfa\ud83c\udde6 | Poetisches aus dem ukrainischen Zweistromland (NZZ)King\/Gerisch\/Rosa (Hg.), Lost in Perfection. Zur Optimierung von Gesellschaft und Psyche, 2022, \ud83c\udde9\ud83c\uddeaSalzmann, Im Menschen muss alles herrlich sein, 2021,\u2026","rel":"","context":"Similar post","block_context":{"text":"Similar post","link":""},"img":{"alt_text":"","src":"https:\/\/i0.wp.com\/ralupo.me\/wp-content\/uploads\/2022\/04\/img_6986_jpg-scaled.jpg?fit=1200%2C900&ssl=1&resize=350%2C200","width":350,"height":200,"srcset":"https:\/\/i0.wp.com\/ralupo.me\/wp-content\/uploads\/2022\/04\/img_6986_jpg-scaled.jpg?fit=1200%2C900&ssl=1&resize=350%2C200 1x, https:\/\/i0.wp.com\/ralupo.me\/wp-content\/uploads\/2022\/04\/img_6986_jpg-scaled.jpg?fit=1200%2C900&ssl=1&resize=525%2C300 1.5x, https:\/\/i0.wp.com\/ralupo.me\/wp-content\/uploads\/2022\/04\/img_6986_jpg-scaled.jpg?fit=1200%2C900&ssl=1&resize=700%2C400 2x, https:\/\/i0.wp.com\/ralupo.me\/wp-content\/uploads\/2022\/04\/img_6986_jpg-scaled.jpg?fit=1200%2C900&ssl=1&resize=1050%2C600 3x"},"classes":[]}],"jetpack_shortlink":"https:\/\/wp.me\/PcanHs-3YY","_links":{"self":[{"href":"https:\/\/ralupo.me\/en\/wp-json\/wp\/v2\/pages\/15312","targetHints":{"allow":["GET"]}}],"collection":[{"href":"https:\/\/ralupo.me\/en\/wp-json\/wp\/v2\/pages"}],"about":[{"href":"https:\/\/ralupo.me\/en\/wp-json\/wp\/v2\/types\/page"}],"author":[{"embeddable":true,"href":"https:\/\/ralupo.me\/en\/wp-json\/wp\/v2\/users\/1"}],"replies":[{"embeddable":true,"href":"https:\/\/ralupo.me\/en\/wp-json\/wp\/v2\/comments?post=15312"}],"version-history":[{"count":48,"href":"https:\/\/ralupo.me\/en\/wp-json\/wp\/v2\/pages\/15312\/revisions"}],"predecessor-version":[{"id":15540,"href":"https:\/\/ralupo.me\/en\/wp-json\/wp\/v2\/pages\/15312\/revisions\/15540"}],"wp:attachment":[{"href":"https:\/\/ralupo.me\/en\/wp-json\/wp\/v2\/media?parent=15312"}],"curies":[{"name":"wp","href":"https:\/\/api.w.org\/{rel}","templated":true}]}}