{"id":1374,"date":"2021-01-01T11:56:33","date_gmt":"2021-01-01T10:56:33","guid":{"rendered":"https:\/\/ralupo.me\/?page_id=1374"},"modified":"2025-01-02T16:19:46","modified_gmt":"2025-01-02T15:19:46","slug":"buecher-2","status":"publish","type":"page","link":"https:\/\/ralupo.me\/en\/buecher-2","title":{"rendered":"B\u00fccher 2021"},"content":{"rendered":"\n<h3 class=\"wp-block-heading eplus-wrapper\" id=\"recently-read-and-recommended-books-in-2021\"><strong>Recently read and recommended books in <span class=\"highlight\">2021<\/span><\/strong><\/h3>\n\n\n\n<p class=\"eplus-wrapper wp-block-paragraph\"><a href=\"https:\/\/ralupo.me\/buecherlisten\">Alle B\u00fccherlisten seit 2020<\/a><\/p>\n\n\n\n<figure class=\"wp-block-table is-style-stripes eplus-wrapper\"><table class=\"has-fixed-layout\"><tbody><tr><td>Non-fiction<strong> | Sachb\u00fccher<\/strong><br><\/td><td>Fiction<strong> | Belletristik<\/strong><br><\/td><\/tr><tr><td><em>Simmel<\/em>, Essays zur Kulturphilosophie, (Sammelband), \ud83c\udde9\ud83c\uddea2020<\/td><td><em>Just<\/em>, Am Rand der D\u00e4cher, 2020 \ud83c\udde9\ud83c\uddea<\/td><\/tr><tr><td><em>Neuh\u00e4user\/Seidel<\/em> (Hg.), Kritik des Moralismus, 2020 \ud83c\udde9\ud83c\uddea, \ud83d\udc4d<\/td><td><em>Leroy<\/em>, Der Schutzengel, 2020 \ud83c\uddeb\ud83c\uddf7| <a class=\"rank-math-link\" href=\"https:\/\/www.faz.net\/aktuell\/feuilleton\/buecher\/krimi\/sein-geisterleben-jerome-leroys-krimi-der-schutzengel-16752437.html\">\u201eSein Geisterleben\u201c<\/a>, FAZ, \ud83d\udc4d <\/td><\/tr><tr><td><em>M\u00fcller<\/em>, Krise und Kritik. Klassiker der soziologischen Zeitdiagnose, 2021, \ud83c\udde9\ud83c\uddea \ud83d\udc4d<\/td><td><em>Ulitzkaya<\/em>, Eine Seuche in der Stadt, 2020 \ud83c\uddf7\ud83c\uddfa| <a class=\"rank-math-link\" href=\"https:\/\/www.deutschlandfunk.de\/ljudmila-ulitzkaja-eine-seuche-in-der-stadt-ein-fundstueck.700.de.html?dram:article_id=493347\">\u201eEin Fundst\u00fcck als Corona-Literatur\u201c<\/a>, Deutschlandfunk, \ud83d\udc4d<\/td><\/tr><tr><td><em>Higginbotham<\/em>, Mitternacht in Tschernobyl, 2019<\/td><td><em>Kracht<\/em>, Eurotrash, 2021 \ud83c\udde9\ud83c\uddea| <a class=\"rank-math-link\" href=\"https:\/\/www.faz.net\/aktuell\/feuilleton\/buecher\/der-neue-roman-von-christian-kracht-eurotrash-17217971.html\">\u201eDie perfekte Trennung von Autor und Autor\u201c<\/a>, FAZ<\/td><\/tr><tr><td><em>Shparaga<\/em>, Die Revolution hat ein weibliches Gesicht. Der Fall Belarus, 2021 | <a href=\"https:\/\/www.dekoder.org\/de\/article\/shparaga-belarus-opposition-frauen\" target=\"_blank\" rel=\"noreferrer noopener\">Wir brauchen keine starken Anf\u00fchrer<\/a>, Dekoder<\/td><td><em>Martinovitsch<\/em>, Revolution, 2021 | \u201e<a class=\"rank-math-link\" href=\"https:\/\/www.faz.net\/aktuell\/feuilleton\/buecher\/rezensionen\/belletristik\/viktor-martinowitschs-roman-revolution-17240246.html\">Wie aus Menschen Monster werden\u201c<\/a>, FAZ, \ud83d\udc4d\ud83d\udc4d<\/td><\/tr><tr><td><em>Reckwitz\/Rosa<\/em>, Sp\u00e4tmoderne in der Krise, 2021 \ud83c\udde9\ud83c\uddea<\/td><td><em>Kapitelman<\/em>, Eine Formalie in Kiew, 2021 \ud83c\udde9\ud83c\uddea| <a class=\"rank-math-link\" href=\"https:\/\/www.faz.net\/aktuell\/feuilleton\/buecher\/rezensionen\/belletristik\/erzaehlung-ueber-heimkehr-nach-kiew-von-dmitrij-kapitelman-17166180.html\" data-type=\"URL\" data-id=\"https:\/\/www.faz.net\/aktuell\/feuilleton\/buecher\/rezensionen\/belletristik\/erzaehlung-ueber-heimkehr-nach-kiew-von-dmitrij-kapitelman-17166180.html\">\u201eDie Migration h\u00f6rt eigentlich nie auf\u201c<\/a>; FAZ, \ud83d\udc4d\ud83d\udc4d<\/td><\/tr><tr><td><em>Andruchowytsch<\/em>, Engel und D\u00e4monen der Peripherie, Essays, 2007 \ud83c\uddfa\ud83c\udde6 | \ud83d\udc4d<\/td><td><em>Zhadan<\/em>, Anarchy in the UKR, 2007 \ud83c\uddfa\ud83c\udde6<\/td><\/tr><tr><td><em>M\u00fcller<\/em>, Freiheit, Gleichheit, Ungewissheit, 2021 \ud83c\udde9\ud83c\uddea<\/td><td><em>Lebedew<\/em>, Das Perfekte Gift, 2021 \ud83c\uddf7\ud83c\uddfa | <a rel=\"noreferrer noopener\" href=\"https:\/\/www.sueddeutsche.de\/kultur\/sergej-lebedew-das-perfekte-gift-roman-russland-spionage-kgb-1.5429466\" target=\"_blank\">Ihre Waffe: Nervengift<\/a>, S\u00fcddeutsche, \ud83d\udc4d<\/td><\/tr><tr><td><em>Klina\u016d<\/em>, Acht Tage Revolution, 2021 \u2b1c\ufe0f\ud83d\udfe5\u2b1c\ufe0f| <a href=\"https:\/\/ralupo.me\/batka-und-der-starze\/\"><span class=\"highlight\">Rezension im Blog<\/span><\/a> | <a href=\"https:\/\/www.deutschlandfunkkultur.de\/klinau-revolution-minsk-100.html\">Parallelwelt der Opposition in Belarus<\/a> (Deutschlandfunk), \ud83d\udc4d<\/td><td><em>Connelly<\/em>, Schwarzes Echo, 1992 \ud83c\uddfa\ud83c\uddf8<\/td><\/tr><tr><td><\/td><td><em>Zhadan<\/em>, Antenne. Gedichte, 2020 \ud83c\uddfa\ud83c\udde6 | <a rel=\"noreferrer noopener\" href=\"https:\/\/www.sueddeutsche.de\/kultur\/antenne-klinge-der-zeit-1.5105827\" target=\"_blank\">Klinge der Zeit<\/a>, S\u00fcddeutsche, \ud83d\udc4d<\/td><\/tr><tr><td><\/td><td><em>Jarmysch<\/em>, Dafuq, 2021 \ud83c\uddf7\ud83c\uddfa| <a rel=\"noreferrer noopener\" href=\"https:\/\/www.deutschlandfunk.de\/kira-jarmysch-dafuq-ueber-den-alltag-in-einer-russischen-100.html\" target=\"_blank\">\u00dcber den Alltag in einer russischen Gef\u00e4ngniszelle<\/a>, Deutschlandfunk<\/td><\/tr><tr><td><\/td><td><em>Andruchowytsch<\/em>, Moscoviada, 2006 \ud83c\uddfa\ud83c\udde6 | <a rel=\"noreferrer noopener\" href=\"https:\/\/www.nzz.ch\/articleEDWK7-1.53177\" target=\"_blank\">Ein Ukrainer in Moskau<\/a>, NZZ, \ud83d\udc4d\ud83d\udc4d<\/td><\/tr><\/tbody><\/table><\/figure>\n\n\n\n<p class=\"eplus-wrapper wp-block-paragraph\"><\/p>\n\n\n\n<p class=\"eplus-wrapper wp-block-paragraph\"><\/p>\n\n\n\n<p class=\"eplus-wrapper wp-block-paragraph\"><\/p>\n\n\n\n<p class=\"eplus-wrapper wp-block-paragraph\"><\/p>\n\n\n\n<p class=\"eplus-wrapper wp-block-paragraph\"><\/p>\n","protected":false},"excerpt":{"rendered":"<p>Recently read and recommended books in 2021 Alle B\u00fccherlisten seit 2020 Non-fiction | Sachb\u00fccher Fiction | Belletristik Simmel, Essays zur Kulturphilosophie, (Sammelband), \ud83c\udde9\ud83c\uddea2020 Just, Am Rand der D\u00e4cher, 2020 \ud83c\udde9\ud83c\uddea [&hellip;]<\/p>\n","protected":false},"author":1,"featured_media":4553,"parent":0,"menu_order":0,"comment_status":"closed","ping_status":"closed","template":"","meta":{"_crdt_document":"","advanced_seo_description":"","jetpack_seo_html_title":"","jetpack_seo_noindex":false,"_EventAllDay":false,"_EventTimezone":"","_EventStartDate":"","_EventEndDate":"","_EventStartDateUTC":"","_EventEndDateUTC":"","_EventShowMap":false,"_EventShowMapLink":false,"_EventURL":"","_EventCost":"","_EventCostDescription":"","_EventCurrencySymbol":"","_EventCurrencyCode":"","_EventCurrencyPosition":"","_EventDateTimeSeparator":"","_EventTimeRangeSeparator":"","_EventOrganizerID":[],"_EventVenueID":[],"_OrganizerEmail":"","_OrganizerPhone":"","_OrganizerWebsite":"","_VenueAddress":"","_VenueCity":"","_VenueCountry":"","_VenueProvince":"","_VenueState":"","_VenueZip":"","_VenuePhone":"","_VenueURL":"","_VenueStateProvince":"","_VenueLat":"","_VenueLng":"","_VenueShowMap":false,"_VenueShowMapLink":false,"jetpack_post_was_ever_published":false,"footnotes":""},"class_list":["post-1374","page","type-page","status-publish","has-post-thumbnail","hentry"],"jetpack_sharing_enabled":true,"jetpack-related-posts":[{"id":573,"url":"https:\/\/ralupo.me\/en\/buecher","url_meta":{"origin":1374,"position":0},"title":"B\u00fccher 2020","author":"Lupo","date":"10. August 2020","format":false,"excerpt":"[:de] Recently read and recommended books 2020 Find my Readlinglist 2021 here Find my Readinglist 2022 here Find my Readinglist 2023 here Non-fiction | Sachb\u00fccherFiction | BelletristikReckwitz, Das Ende der Illusionen, \ud83c\udde9\ud83c\uddea, 2020 \ud83d\udc4dHouellebecq, Serotonin, 2019\ud83d\udc4dCase, Deaths of Despair and the Future of Capitalism, \ud83c\uddfa\ud83c\uddf8, 2020\ud83d\udc4dLanchester, Die Mauer, 2019M\u00f6ller, Volksaufstand\u2026","rel":"","context":"Similar post","block_context":{"text":"Similar post","link":""},"img":{"alt_text":"","src":"https:\/\/i0.wp.com\/ralupo.me\/wp-content\/uploads\/2022\/04\/img_6986_jpg-scaled.jpg?fit=1200%2C900&ssl=1&resize=350%2C200","width":350,"height":200,"srcset":"https:\/\/i0.wp.com\/ralupo.me\/wp-content\/uploads\/2022\/04\/img_6986_jpg-scaled.jpg?fit=1200%2C900&ssl=1&resize=350%2C200 1x, https:\/\/i0.wp.com\/ralupo.me\/wp-content\/uploads\/2022\/04\/img_6986_jpg-scaled.jpg?fit=1200%2C900&ssl=1&resize=525%2C300 1.5x, https:\/\/i0.wp.com\/ralupo.me\/wp-content\/uploads\/2022\/04\/img_6986_jpg-scaled.jpg?fit=1200%2C900&ssl=1&resize=700%2C400 2x, https:\/\/i0.wp.com\/ralupo.me\/wp-content\/uploads\/2022\/04\/img_6986_jpg-scaled.jpg?fit=1200%2C900&ssl=1&resize=1050%2C600 3x"},"classes":[]},{"id":2537,"url":"https:\/\/ralupo.me\/en\/buecher-3","url_meta":{"origin":1374,"position":1},"title":"B\u00fccher","author":"Lupo","date":"26. December 2021","format":false,"excerpt":"[:de] Recently read and recommended books in\u00a02022 Alle B\u00fccherlisten seit 2020 Non-fiction\u00a0| Sachb\u00fccherFiction\u00a0| BelletristikAndruchowytsch, Das letzte Territorium, 2003,\ud83c\uddfa\ud83c\udde6 | Rezension DeutschlandfunkZhadan, Mesopotamien, 2017, \ud83c\uddfa\ud83c\udde6 | Poetisches aus dem ukrainischen Zweistromland (NZZ)King\/Gerisch\/Rosa (Hg.), Lost in Perfection. Zur Optimierung von Gesellschaft und Psyche, 2022, \ud83c\udde9\ud83c\uddeaSalzmann, Im Menschen muss alles herrlich sein, 2021,\u2026","rel":"","context":"Similar post","block_context":{"text":"Similar post","link":""},"img":{"alt_text":"","src":"https:\/\/i0.wp.com\/ralupo.me\/wp-content\/uploads\/2022\/04\/img_6986_jpg-scaled.jpg?fit=1200%2C900&ssl=1&resize=350%2C200","width":350,"height":200,"srcset":"https:\/\/i0.wp.com\/ralupo.me\/wp-content\/uploads\/2022\/04\/img_6986_jpg-scaled.jpg?fit=1200%2C900&ssl=1&resize=350%2C200 1x, https:\/\/i0.wp.com\/ralupo.me\/wp-content\/uploads\/2022\/04\/img_6986_jpg-scaled.jpg?fit=1200%2C900&ssl=1&resize=525%2C300 1.5x, https:\/\/i0.wp.com\/ralupo.me\/wp-content\/uploads\/2022\/04\/img_6986_jpg-scaled.jpg?fit=1200%2C900&ssl=1&resize=700%2C400 2x, https:\/\/i0.wp.com\/ralupo.me\/wp-content\/uploads\/2022\/04\/img_6986_jpg-scaled.jpg?fit=1200%2C900&ssl=1&resize=1050%2C600 3x"},"classes":[]},{"id":15312,"url":"https:\/\/ralupo.me\/en\/buecherliste-2026","url_meta":{"origin":1374,"position":2},"title":"B\u00fccherliste 2026","author":"Lupo","date":"26. December 2025","format":false,"excerpt":"[:de] Alle B\u00fccherlisten seit 2020 Kracauer, Totalit\u00e4re Propaganda, 2013Krasznahorkai, Zs\u00f6mle ist weg, 2025 | \u201eein einziger langer Gedankenstrom\u201c (NDR) \ud83d\udcda\ud83c\udded\ud83c\uddfaAljoschina, Political Girl, Pussy Riot \u2013 Leben und Schicksal in Putins Russland, 2025Johnson, Berliner Sachen, Werkausgabe, Bd 1, 2025Bakunina, The Good Russian: In Search of a Nation's Soul, 2025Martinowitsch, Das Gute\u2026","rel":"","context":"Similar post","block_context":{"text":"Similar post","link":""},"img":{"alt_text":"","src":"https:\/\/i0.wp.com\/ralupo.me\/wp-content\/uploads\/2026\/01\/VeNs.gif?resize=350%2C200&ssl=1","width":350,"height":200},"classes":[]},{"id":13071,"url":"https:\/\/ralupo.me\/en\/buecherlisten","url_meta":{"origin":1374,"position":3},"title":"B\u00fccherlisten","author":"Lupo","date":"3. January 2024","format":false,"excerpt":"[:de] Hier eine Auswahl meiner Leselisten der letzten Jahre, Belletristik und Fachb\u00fccher, nebst Rezensionen der B\u00fccher in anderen Medien und eigener Rezensionen in diesem Blog. Aktuelles Jahr: B\u00fccherliste 2026 B\u00fccherliste 2025 B\u00fccherliste 2024B\u00fccherliste 2023B\u00fccherliste 2022B\u00fccherliste 2021B\u00fccherliste 2020 [:]","rel":"","context":"Similar post","block_context":{"text":"Similar post","link":""},"img":{"alt_text":"","src":"","width":0,"height":0},"classes":[]},{"id":19,"url":"https:\/\/ralupo.me\/en\/travel","url_meta":{"origin":1374,"position":4},"title":"Travel","author":"Lupo","date":"5. April 2020","format":false,"excerpt":"[:de] Auf dieser Seite findet sich eine \u00dcbersicht meiner Reisen, \u00fcber die ich bislang geschrieben habe. Au\u00dferdem gibt es eine Aussicht auf anstehende Reisen und in Planung befindliche Projekte. Diese L\u00e4nder habe ich schon besucht: Norwegen \ud83c\uddf3\ud83c\uddf4 - Schweden \ud83c\uddf8\ud83c\uddea - Finnland \ud83c\uddeb\ud83c\uddee - D\u00e4nemark \ud83c\udde9\ud83c\uddf0 - Island \ud83c\uddee\ud83c\uddf8 -\u2026","rel":"","context":"Similar post","block_context":{"text":"Similar post","link":""},"img":{"alt_text":"","src":"https:\/\/i0.wp.com\/ralupo.me\/wp-content\/uploads\/2022\/02\/img_3069_1-scaled.jpg?fit=1200%2C900&ssl=1&resize=350%2C200","width":350,"height":200,"srcset":"https:\/\/i0.wp.com\/ralupo.me\/wp-content\/uploads\/2022\/02\/img_3069_1-scaled.jpg?fit=1200%2C900&ssl=1&resize=350%2C200 1x, https:\/\/i0.wp.com\/ralupo.me\/wp-content\/uploads\/2022\/02\/img_3069_1-scaled.jpg?fit=1200%2C900&ssl=1&resize=525%2C300 1.5x, https:\/\/i0.wp.com\/ralupo.me\/wp-content\/uploads\/2022\/02\/img_3069_1-scaled.jpg?fit=1200%2C900&ssl=1&resize=700%2C400 2x, https:\/\/i0.wp.com\/ralupo.me\/wp-content\/uploads\/2022\/02\/img_3069_1-scaled.jpg?fit=1200%2C900&ssl=1&resize=1050%2C600 3x"},"classes":[]},{"id":14569,"url":"https:\/\/ralupo.me\/en\/14569-2","url_meta":{"origin":1374,"position":5},"title":"B\u00fccherliste 2025","author":"Lupo","date":"2. January 2025","format":false,"excerpt":"[:de] Recently read and recommended books in\u00a02025 Alle B\u00fccherlisten seit 2020 Reckwitz, Verlust. Ein Grundproblem der Moderne, 2024Strunk, Zauberberg 2, 2024 | Paradise Lost (FAZ)\ud83d\udfe1 Rastorgueva, Pop up Propaganda. Epikrise der russischen Selbstvergiftung, 2025 | \"Ach was, die Briten essen also Eichh\u00f6rnchen?\" (FAZ) | Rezension im BlogGavelis, Vilnius Poker, 2024\u2026","rel":"","context":"Similar post","block_context":{"text":"Similar post","link":""},"img":{"alt_text":"","src":"","width":0,"height":0},"classes":[]}],"jetpack_shortlink":"https:\/\/wp.me\/PcanHs-ma","_links":{"self":[{"href":"https:\/\/ralupo.me\/en\/wp-json\/wp\/v2\/pages\/1374","targetHints":{"allow":["GET"]}}],"collection":[{"href":"https:\/\/ralupo.me\/en\/wp-json\/wp\/v2\/pages"}],"about":[{"href":"https:\/\/ralupo.me\/en\/wp-json\/wp\/v2\/types\/page"}],"author":[{"embeddable":true,"href":"https:\/\/ralupo.me\/en\/wp-json\/wp\/v2\/users\/1"}],"replies":[{"embeddable":true,"href":"https:\/\/ralupo.me\/en\/wp-json\/wp\/v2\/comments?post=1374"}],"version-history":[{"count":1,"href":"https:\/\/ralupo.me\/en\/wp-json\/wp\/v2\/pages\/1374\/revisions"}],"predecessor-version":[{"id":14575,"href":"https:\/\/ralupo.me\/en\/wp-json\/wp\/v2\/pages\/1374\/revisions\/14575"}],"wp:featuredmedia":[{"embeddable":true,"href":"https:\/\/ralupo.me\/en\/wp-json\/wp\/v2\/media\/4553"}],"wp:attachment":[{"href":"https:\/\/ralupo.me\/en\/wp-json\/wp\/v2\/media?parent=1374"}],"curies":[{"name":"wp","href":"https:\/\/api.w.org\/{rel}","templated":true}]}}