{"id":13251,"date":"2024-01-17T13:02:06","date_gmt":"2024-01-17T12:02:06","guid":{"rendered":"https:\/\/ralupo.me\/?page_id=13251"},"modified":"2024-04-02T15:01:27","modified_gmt":"2024-04-02T13:01:27","slug":"video-reports","status":"publish","type":"page","link":"https:\/\/ralupo.me\/en\/video-reports","title":{"rendered":"Video Reports"},"content":{"rendered":"\n<div class=\"wp-block-media-text is-stacked-on-mobile\"><figure class=\"wp-block-media-text__media\"><video controls src=\"https:\/\/ralupo.me\/wp-content\/uploads\/2024\/04\/ab8ffde8c9114671859e55abf939f062.mp4\"><\/video><\/figure><div class=\"wp-block-media-text__content\">\n<p class=\"has-small-font-size wp-block-paragraph\">Protest gegen Hamburger Ostermarsch &#8211; Hamburg, 01.04.2024 &#8211; <a href=\"https:\/\/ralupo.me\/archive\/13892\">mehr dazu<\/a><\/p>\n<\/div><\/div>\n\n\n\n<div class=\"wp-block-media-text is-stacked-on-mobile\"><figure class=\"wp-block-media-text__media\"><video controls src=\"https:\/\/ralupo.me\/wp-content\/uploads\/2024\/03\/Red-Modern-Breaking-News-Youtube-Intro.mp4\"><\/video><\/figure><div class=\"wp-block-media-text__content\">\n<p class=\"has-small-font-size wp-block-paragraph\"><strong>Alternativer Ostermarsch in Berlin am 30.03.2024<\/strong> &#8211; Frieden muss verteidigt werden &#8211; <a href=\"https:\/\/ralupo.me\/archive\/13847\">mehr dazu<\/a><\/p>\n<\/div><\/div>\n\n\n\n<div class=\"wp-block-media-text is-stacked-on-mobile\"><figure class=\"wp-block-media-text__media\"><video controls src=\"https:\/\/ralupo.me\/wp-content\/uploads\/2024\/02\/Mein-Film-116.mov\"><\/video><\/figure><div class=\"wp-block-media-text__content\">\n<p class=\"has-small-font-size wp-block-paragraph\"><strong>Gro\u00dfkundgebung in Berlin: \u201eFrieden verteidigen\u201c<\/strong> am 24.2.24 aus Anlass des russischen Gro\u00dfangriff auf die Ukraine<\/p>\n<\/div><\/div>\n\n\n\n<div class=\"wp-block-media-text is-stacked-on-mobile\"><figure class=\"wp-block-media-text__media\"><video controls src=\"https:\/\/ralupo.me\/wp-content\/uploads\/2024\/02\/Kopie-von-Repraesentant-Taiwan.mp4\"><\/video><\/figure><div class=\"wp-block-media-text__content\">\n<p class=\"has-small-font-size wp-block-paragraph\">Teaser f\u00fcr die Veranstaltungen zum 2. Jahrestag am 24.02.24<\/p>\n<\/div><\/div>\n\n\n\n<div class=\"wp-block-media-text is-stacked-on-mobile\"><figure class=\"wp-block-media-text__media\"><video controls src=\"https:\/\/ralupo.me\/wp-content\/uploads\/2024\/01\/Kopie-von-Repraesentant-Taiwan-1.mp4\"><\/video><\/figure><div class=\"wp-block-media-text__content\">\n<p class=\"has-small-font-size wp-block-paragraph\"><strong>Kundgebung f\u00fcr die Ukraine in Frankfurt (Main)<\/strong> am 20.01.2024 an der Alten Oper.<\/p>\n<\/div><\/div>\n\n\n\n<div class=\"wp-block-media-text is-stacked-on-mobile\"><figure class=\"wp-block-media-text__media\"><video controls src=\"https:\/\/ralupo.me\/wp-content\/uploads\/2024\/01\/trim_1644E382-F6F4-4CB8-B507-392B9FEDDE39.mp4\"><\/video><\/figure><div class=\"wp-block-media-text__content\">\n<p class=\"has-small-font-size wp-block-paragraph\"><strong>Die Barwinka kommt nach M\u00fcnchen<\/strong>. Ank\u00fcndigung der Veranstaltung vom 12.-18.02.2024 in M\u00fcnchen. <a href=\"https:\/\/ralupo.me\/event\/barwinka-kommt-nach-muenchen\">Link zur Veranstaltung<\/a><\/p>\n<\/div><\/div>\n\n\n\n<div class=\"wp-block-media-text is-stacked-on-mobile\"><figure class=\"wp-block-media-text__media\"><video controls src=\"https:\/\/ralupo.me\/wp-content\/uploads\/2024\/01\/teaser.mp4\"><\/video><\/figure><div class=\"wp-block-media-text__content\">\n<p class=\"has-small-font-size wp-block-paragraph\"><strong>&#8220;Kyiv Defenders&#8221; bringen Hilfe f\u00fcr die Menschen in den Frontgebieten in der Ukraine.<\/strong> Oleg zeigt uns Bilder aus der Region Kharkiv.<\/p>\n<\/div><\/div>\n\n\n\n<div class=\"wp-block-media-text is-stacked-on-mobile\"><figure class=\"wp-block-media-text__media\"><video controls src=\"https:\/\/ralupo.me\/wp-content\/uploads\/2024\/01\/Magic-Movie-86.mov\"><\/video><\/figure><div class=\"wp-block-media-text__content\">\n<p class=\"has-small-font-size wp-block-paragraph\"><strong>M\u00fcnchen: \u201eSieg der Ukraine \u2013 Frieden f\u00fcr Europa\u201c<\/strong>. Mehrere hundert Menschen erinnern weiter an das Leid in der Ukraine und rufen zur Unterst\u00fctzung auf. <a href=\"https:\/\/ralupo.me\/event\/muenchen-save-the-date\">Link zur Veranstaltung<\/a><\/p>\n<\/div><\/div>\n\n\n\n<div class=\"wp-block-media-text is-stacked-on-mobile\"><figure class=\"wp-block-media-text__media\"><video controls src=\"https:\/\/ralupo.me\/wp-content\/uploads\/2024\/01\/eec73e60711f4fffa14f74da861d206c.mp4\"><\/video><\/figure><div class=\"wp-block-media-text__content\">\n<p class=\"has-small-font-size wp-block-paragraph\">Ank\u00fcndigung: N\u00e4chste Veranstaltungen in M\u00fcnchen am 17.02. und 24.02.24 in <\/p>\n<\/div><\/div>\n\n\n\n<div class=\"wp-block-media-text is-stacked-on-mobile\"><figure class=\"wp-block-media-text__media\"><video controls src=\"https:\/\/ralupo.me\/wp-content\/uploads\/2024\/01\/Kopie-von-Repraesentant-Taiwan.mp4\"><\/video><\/figure><div class=\"wp-block-media-text__content\">\n<p class=\"has-small-font-size wp-block-paragraph\"><a href=\"https:\/\/ralupo.me\/archive\/13098\"><strong>Berlin: &#8220;Ukraine in Flammen&#8221;.<\/strong> Kundgebung<\/a> f\u00fcr die Ukraine. Organisiert von Vitsche Berlin. <a href=\"https:\/\/ralupo.me\/event\/nafo-mission-berlin\">Link zur Veranstaltung<\/a> \/ <a href=\"https:\/\/ralupo.me\/archive\/13098\">Bericht zur Veranstaltung<\/a><\/p>\n<\/div><\/div>\n\n\n\n<div class=\"wp-block-media-text is-stacked-on-mobile\"><figure class=\"wp-block-media-text__media\"><video controls src=\"https:\/\/ralupo.me\/wp-content\/uploads\/2024\/01\/bd87d6339466444e81480b37e836512b.mp4\"><\/video><\/figure><div class=\"wp-block-media-text__content\">\n<p class=\"has-small-font-size wp-block-paragraph\"><strong>NAFO zu Gast beim ukrainischen Botschafter in Berlin<\/strong> <\/p>\n<\/div><\/div>\n\n\n\n<div class=\"wp-block-media-text is-stacked-on-mobile\"><figure class=\"wp-block-media-text__media\"><video controls src=\"https:\/\/ralupo.me\/wp-content\/uploads\/2024\/01\/Magic-Movie-60.mov\"><\/video><\/figure><div class=\"wp-block-media-text__content\">\n<p class=\"has-small-font-size wp-block-paragraph\"><strong>Die Barwinka in Baden-Baden. <\/strong>Veranstaltung mit dem beschossenen ukrainischen Krankenwagen in Baden-Baden.<\/p>\n<\/div><\/div>\n\n\n\n<div class=\"wp-block-media-text is-stacked-on-mobile\"><figure class=\"wp-block-media-text__media\"><video controls src=\"https:\/\/ralupo.me\/wp-content\/uploads\/2024\/01\/Repraesentant-Taiwan.mp4\"><\/video><\/figure><div class=\"wp-block-media-text__content\">\n<p class=\"has-small-font-size wp-block-paragraph\"><strong>Die Barwinka in D\u00fcsseldorf. <\/strong>Veranstaltung mit dem beschossenen ukrainischen Krankenwagen in D\u00fcsseldorf<\/p>\n<\/div><\/div>\n","protected":false},"excerpt":{"rendered":"<p>Protest gegen Hamburger Ostermarsch &#8211; Hamburg, 01.04.2024 &#8211; mehr dazu Alternativer Ostermarsch in Berlin am 30.03.2024 &#8211; Frieden muss verteidigt werden &#8211; mehr dazu Gro\u00dfkundgebung in Berlin: \u201eFrieden verteidigen\u201c am [&hellip;]<\/p>\n","protected":false},"author":1,"featured_media":0,"parent":0,"menu_order":0,"comment_status":"closed","ping_status":"closed","template":"","meta":{"_crdt_document":"","advanced_seo_description":"","jetpack_seo_html_title":"","jetpack_seo_noindex":false,"_EventAllDay":false,"_EventTimezone":"","_EventStartDate":"","_EventEndDate":"","_EventStartDateUTC":"","_EventEndDateUTC":"","_EventShowMap":false,"_EventShowMapLink":false,"_EventURL":"","_EventCost":"","_EventCostDescription":"","_EventCurrencySymbol":"","_EventCurrencyCode":"","_EventCurrencyPosition":"","_EventDateTimeSeparator":"","_EventTimeRangeSeparator":"","_EventOrganizerID":[],"_EventVenueID":[],"_OrganizerEmail":"","_OrganizerPhone":"","_OrganizerWebsite":"","_VenueAddress":"","_VenueCity":"","_VenueCountry":"","_VenueProvince":"","_VenueState":"","_VenueZip":"","_VenuePhone":"","_VenueURL":"","_VenueStateProvince":"","_VenueLat":"","_VenueLng":"","_VenueShowMap":false,"_VenueShowMapLink":false,"jetpack_post_was_ever_published":false,"footnotes":""},"class_list":["post-13251","page","type-page","status-publish","hentry"],"jetpack_sharing_enabled":true,"jetpack-related-posts":[{"id":2537,"url":"https:\/\/ralupo.me\/en\/buecher-3","url_meta":{"origin":13251,"position":0},"title":"B\u00fccher","author":"Lupo","date":"26. December 2021","format":false,"excerpt":"[:de] Recently read and recommended books in\u00a02022 Alle B\u00fccherlisten seit 2020 Non-fiction\u00a0| Sachb\u00fccherFiction\u00a0| BelletristikAndruchowytsch, Das letzte Territorium, 2003,\ud83c\uddfa\ud83c\udde6 | Rezension DeutschlandfunkZhadan, Mesopotamien, 2017, \ud83c\uddfa\ud83c\udde6 | Poetisches aus dem ukrainischen Zweistromland (NZZ)King\/Gerisch\/Rosa (Hg.), Lost in Perfection. Zur Optimierung von Gesellschaft und Psyche, 2022, \ud83c\udde9\ud83c\uddeaSalzmann, Im Menschen muss alles herrlich sein, 2021,\u2026","rel":"","context":"Similar post","block_context":{"text":"Similar post","link":""},"img":{"alt_text":"","src":"https:\/\/i0.wp.com\/ralupo.me\/wp-content\/uploads\/2022\/04\/img_6986_jpg-scaled.jpg?fit=1200%2C900&ssl=1&resize=350%2C200","width":350,"height":200,"srcset":"https:\/\/i0.wp.com\/ralupo.me\/wp-content\/uploads\/2022\/04\/img_6986_jpg-scaled.jpg?fit=1200%2C900&ssl=1&resize=350%2C200 1x, https:\/\/i0.wp.com\/ralupo.me\/wp-content\/uploads\/2022\/04\/img_6986_jpg-scaled.jpg?fit=1200%2C900&ssl=1&resize=525%2C300 1.5x, https:\/\/i0.wp.com\/ralupo.me\/wp-content\/uploads\/2022\/04\/img_6986_jpg-scaled.jpg?fit=1200%2C900&ssl=1&resize=700%2C400 2x, https:\/\/i0.wp.com\/ralupo.me\/wp-content\/uploads\/2022\/04\/img_6986_jpg-scaled.jpg?fit=1200%2C900&ssl=1&resize=1050%2C600 3x"},"classes":[]},{"id":19,"url":"https:\/\/ralupo.me\/en\/travel","url_meta":{"origin":13251,"position":1},"title":"Travel","author":"Lupo","date":"5. April 2020","format":false,"excerpt":"[:de] Auf dieser Seite findet sich eine \u00dcbersicht meiner Reisen, \u00fcber die ich bislang geschrieben habe. Au\u00dferdem gibt es eine Aussicht auf anstehende Reisen und in Planung befindliche Projekte. Diese L\u00e4nder habe ich schon besucht: Norwegen \ud83c\uddf3\ud83c\uddf4 - Schweden \ud83c\uddf8\ud83c\uddea - Finnland \ud83c\uddeb\ud83c\uddee - D\u00e4nemark \ud83c\udde9\ud83c\uddf0 - Island \ud83c\uddee\ud83c\uddf8 -\u2026","rel":"","context":"Similar post","block_context":{"text":"Similar post","link":""},"img":{"alt_text":"","src":"https:\/\/i0.wp.com\/ralupo.me\/wp-content\/uploads\/2022\/02\/img_3069_1-scaled.jpg?fit=1200%2C900&ssl=1&resize=350%2C200","width":350,"height":200,"srcset":"https:\/\/i0.wp.com\/ralupo.me\/wp-content\/uploads\/2022\/02\/img_3069_1-scaled.jpg?fit=1200%2C900&ssl=1&resize=350%2C200 1x, https:\/\/i0.wp.com\/ralupo.me\/wp-content\/uploads\/2022\/02\/img_3069_1-scaled.jpg?fit=1200%2C900&ssl=1&resize=525%2C300 1.5x, https:\/\/i0.wp.com\/ralupo.me\/wp-content\/uploads\/2022\/02\/img_3069_1-scaled.jpg?fit=1200%2C900&ssl=1&resize=700%2C400 2x, https:\/\/i0.wp.com\/ralupo.me\/wp-content\/uploads\/2022\/02\/img_3069_1-scaled.jpg?fit=1200%2C900&ssl=1&resize=1050%2C600 3x"},"classes":[]},{"id":13077,"url":"https:\/\/ralupo.me\/en\/buecherliste-2024","url_meta":{"origin":13251,"position":2},"title":"B\u00fccherliste 2024","author":"Lupo","date":"3. January 2024","format":false,"excerpt":"[:de] Recently read and recommended books in\u00a02024 Alle B\u00fccherlisten seit 2020 Selk, Demokratied\u00e4mmerung. Eine Kritik der Demokratietheorie, Berlin, 2023 | \"Kein Happy-End f\u00fcr die Demokratie\" DIE ZEITPeltzer, Der Ernst des Lebens, Frankfurt am Main, 2024 | Auch die Gr\u00fcnen wollen an die Fleischt\u00f6pfe (NZZ)Menzel, Wendepunkte. Am \u00dcbergang zum autorit\u00e4ren Jahrhundert,\u2026","rel":"","context":"Similar post","block_context":{"text":"Similar post","link":""},"img":{"alt_text":"","src":"","width":0,"height":0},"classes":[]},{"id":573,"url":"https:\/\/ralupo.me\/en\/buecher","url_meta":{"origin":13251,"position":3},"title":"B\u00fccher 2020","author":"Lupo","date":"10. August 2020","format":false,"excerpt":"[:de] Recently read and recommended books 2020 Find my Readlinglist 2021 here Find my Readinglist 2022 here Find my Readinglist 2023 here Non-fiction | Sachb\u00fccherFiction | BelletristikReckwitz, Das Ende der Illusionen, \ud83c\udde9\ud83c\uddea, 2020 \ud83d\udc4dHouellebecq, Serotonin, 2019\ud83d\udc4dCase, Deaths of Despair and the Future of Capitalism, \ud83c\uddfa\ud83c\uddf8, 2020\ud83d\udc4dLanchester, Die Mauer, 2019M\u00f6ller, Volksaufstand\u2026","rel":"","context":"Similar post","block_context":{"text":"Similar post","link":""},"img":{"alt_text":"","src":"https:\/\/i0.wp.com\/ralupo.me\/wp-content\/uploads\/2022\/04\/img_6986_jpg-scaled.jpg?fit=1200%2C900&ssl=1&resize=350%2C200","width":350,"height":200,"srcset":"https:\/\/i0.wp.com\/ralupo.me\/wp-content\/uploads\/2022\/04\/img_6986_jpg-scaled.jpg?fit=1200%2C900&ssl=1&resize=350%2C200 1x, https:\/\/i0.wp.com\/ralupo.me\/wp-content\/uploads\/2022\/04\/img_6986_jpg-scaled.jpg?fit=1200%2C900&ssl=1&resize=525%2C300 1.5x, https:\/\/i0.wp.com\/ralupo.me\/wp-content\/uploads\/2022\/04\/img_6986_jpg-scaled.jpg?fit=1200%2C900&ssl=1&resize=700%2C400 2x, https:\/\/i0.wp.com\/ralupo.me\/wp-content\/uploads\/2022\/04\/img_6986_jpg-scaled.jpg?fit=1200%2C900&ssl=1&resize=1050%2C600 3x"},"classes":[]},{"id":14569,"url":"https:\/\/ralupo.me\/en\/14569-2","url_meta":{"origin":13251,"position":4},"title":"B\u00fccherliste 2025","author":"Lupo","date":"2. January 2025","format":false,"excerpt":"[:de] Recently read and recommended books in\u00a02025 Alle B\u00fccherlisten seit 2020 Reckwitz, Verlust. Ein Grundproblem der Moderne, 2024Strunk, Zauberberg 2, 2024 | Paradise Lost (FAZ)\ud83d\udfe1 Rastorgueva, Pop up Propaganda. Epikrise der russischen Selbstvergiftung, 2025 | \"Ach was, die Briten essen also Eichh\u00f6rnchen?\" (FAZ) | Rezension im BlogGavelis, Vilnius Poker, 2024\u2026","rel":"","context":"Similar post","block_context":{"text":"Similar post","link":""},"img":{"alt_text":"","src":"","width":0,"height":0},"classes":[]},{"id":13467,"url":"https:\/\/ralupo.me\/en\/lupo-now","url_meta":{"origin":13251,"position":5},"title":"Lupo Now","author":"Lupo","date":"28. January 2024","format":false,"excerpt":"[:de] Last spottet on currently reading Shore, Der Geschmack von Asche. Das Nachleben des Totalitarismus in Osteuropa, 2022 currently listening to https:\/\/open.spotify.com\/playlist\/6CdM9ZRIH0DfxN5nht4fjD?si=83695e2c3dad4793 Last Picture-Post Latest Video published [:]","rel":"","context":"Similar post","block_context":{"text":"Similar post","link":""},"img":{"alt_text":"","src":"","width":0,"height":0},"classes":[]}],"jetpack_shortlink":"https:\/\/wp.me\/PcanHs-3rJ","_links":{"self":[{"href":"https:\/\/ralupo.me\/en\/wp-json\/wp\/v2\/pages\/13251","targetHints":{"allow":["GET"]}}],"collection":[{"href":"https:\/\/ralupo.me\/en\/wp-json\/wp\/v2\/pages"}],"about":[{"href":"https:\/\/ralupo.me\/en\/wp-json\/wp\/v2\/types\/page"}],"author":[{"embeddable":true,"href":"https:\/\/ralupo.me\/en\/wp-json\/wp\/v2\/users\/1"}],"replies":[{"embeddable":true,"href":"https:\/\/ralupo.me\/en\/wp-json\/wp\/v2\/comments?post=13251"}],"version-history":[{"count":12,"href":"https:\/\/ralupo.me\/en\/wp-json\/wp\/v2\/pages\/13251\/revisions"}],"predecessor-version":[{"id":13932,"href":"https:\/\/ralupo.me\/en\/wp-json\/wp\/v2\/pages\/13251\/revisions\/13932"}],"wp:attachment":[{"href":"https:\/\/ralupo.me\/en\/wp-json\/wp\/v2\/media?parent=13251"}],"curies":[{"name":"wp","href":"https:\/\/api.w.org\/{rel}","templated":true}]}}