{"id":13077,"date":"2024-01-03T12:52:18","date_gmt":"2024-01-03T11:52:18","guid":{"rendered":"https:\/\/ralupo.me\/?page_id=13077"},"modified":"2026-03-30T05:51:56","modified_gmt":"2026-03-30T03:51:56","slug":"buecherliste-2024","status":"publish","type":"page","link":"https:\/\/ralupo.me\/en\/buecherliste-2024","title":{"rendered":"B\u00fccherliste 2024"},"content":{"rendered":"\n<h3 class=\"wp-block-heading\"><strong>Recently read and recommended books in&nbsp;202<\/strong>4<\/h3>\n\n\n\n<p class=\"has-text-align-center wp-block-paragraph\"><br><a href=\"https:\/\/ralupo.me\/buecherlisten\">Alle B\u00fccherlisten seit 2020<\/a><\/p>\n\n\n\n<figure class=\"wp-block-table\"><table class=\"has-fixed-layout\"><tbody><tr><td><em>Selk<\/em>, Demokratied\u00e4mmerung. Eine Kritik der Demokratietheorie, Berlin, 2023 | <a href=\"https:\/\/www.zeit.de\/kultur\/literatur\/2023-12\/veith-selk-demokratiedaemmerung-demokratietheorie-politologe-rezension\">&#8220;Kein Happy-End f\u00fcr die Demokratie&#8221; DIE ZEIT<\/a><\/td><td><em>Peltzer<\/em>, Der Ernst des Lebens, Frankfurt am Main, 2024 | <a href=\"https:\/\/www.nzz.ch\/feuilleton\/ulrich-peltzers-roman-der-ernst-des-lebens-was-heisst-erfolg-ld.1821811\">Auch die Gr\u00fcnen wollen an die Fleischt\u00f6pfe (NZZ)<\/a><\/td><\/tr><tr><td><em>Menzel<\/em>, Wendepunkte. Am \u00dcbergang zum autorit\u00e4ren Jahrhundert, Berlin, 2023 | <a href=\"https:\/\/taz.de\/Wendepunkte-von-Ulrich-Menzel\/!5964974\/\">Krise, Einschnitt und das Danach (taz)<\/a><\/td><td><em>Schimmelbusch<\/em>, Karma, 2024 | <a href=\"https:\/\/www.faz.net\/aktuell\/feuilleton\/buecher\/rezensionen\/belletristik\/alexander-schimmelbuschs-digitalwelt-romansatire-karma-19952754.html\">Ein deutscher Houellebecq? Ja, und mehr (FAZ)<\/a><\/td><\/tr><tr><td><em>Becker<\/em>, Die Dialektik der Hure, 2023 |<\/td><td><em>Messina<\/em>, Die Entbl\u00f6ssten, 2024 | <a href=\"https:\/\/www.nzz.ch\/feuilleton\/frankreich-brennt-marion-messina-entwirft-ein-duesteres-szenario-ld.1839833\">\u201eFrankreich brennt\u201c (NZZ)<\/a><\/td><\/tr><tr><td><em>Simmel<\/em>, Die Philosophie des Geldes, Gesamtausgabe in 24 B\u00e4nden, Bd. 6, 1989<\/td><td><em>Stepanova<\/em>, Der Absprung, 2024<\/td><\/tr><tr><td><em>Ryklin<\/em>, Mit dem Recht des St\u00e4rkeren. Russisch Kultur in Zeiten der &#8220;gelenkten Demokratie&#8221;, 2006 | <a href=\"https:\/\/www.cicero.de\/kultur\/ich-bin-eigentlich-kein-politischer-mensch\/44101\">&#8220;Ich bin eigentlich kein politischer Mensch&#8221; (Cicero)<\/a> | <strong><a href=\"https:\/\/ralupo.me\/archive\/13818\">Erw\u00e4hnt Im Blog<\/a><\/strong><\/td><td><\/td><\/tr><tr><td><em>Sarotte<\/em>, Nicht einen Schritt weiter nach Osten, Amerika, Russland und die wahre Geschichte der Nato-Osterweiterung, M\u00fcnchen, 2023 | <a href=\"https:\/\/taz.de\/Historikerin-ueber-Nato-Osterweiterung\/!5961608\/\">\u201eDie Ukraine im Stich gelassen\u201c (taz)<\/a><\/td><td><\/td><\/tr><tr><td><em>Shuster<\/em>, Vor den Augen der Welt: Wolodymyr Selenskyj und der Krieg in der Ukraine, 2024<\/td><td><\/td><\/tr><tr><td><em>Manow<\/em>, Unter Beobachtung<br>Die Bestimmung der liberalen Demokratie und ihrer Freunde, Berlin 2023 | <strong><a href=\"https:\/\/ralupo.me\/buecherliste-2026\" data-type=\"page\" data-id=\"15312\">Beitrag im Blog<\/a><\/strong><\/td><td><\/td><\/tr><tr><td><em>Ryklin<\/em>, R\u00e4ume des Jubels. Totalitarismus und Differenz, Frankfurt 2003<\/td><td><\/td><\/tr><tr><td><em>Br\u00f6cking<\/em>, u.a. (Hg.), Glossar der Gegenwart 2.0, Berlin 2024 | <a href=\"https:\/\/ralupo.me\/archive\/14237\"><strong>Rezension im Blog<\/strong><\/a><\/td><td><\/td><\/tr><tr><td><em>Bl\u00fchdorn<\/em>, Unhaltbarkeit, Auf dem Weg in eine andere Moderne. Berlin 2024<\/td><td><\/td><\/tr><tr><td><em>Kowaltschuk<\/em>, Freiheitsschock<br>Eine andere Geschichte Ostdeutschlands von 1989 bis heute, M\u00fcnchen 2024 | <a href=\"https:\/\/www.faz.net\/aktuell\/politik\/politische-buecher\/verteidiger-von-demokratie-und-freiheit-19987956.html\">Verteidiger der Demokratie (FAZ)<\/a><\/td><td><\/td><\/tr><tr><td><em>M\u00f6ller<\/em>, Volk und Elite.<br>Eine Gesellschaftstheorie des Populismus, Berlin 2024<\/td><td><\/td><\/tr><\/tbody><\/table><\/figure>\n\n\n\n<p class=\"wp-block-paragraph\"><\/p>\n","protected":false},"excerpt":{"rendered":"<p>Recently read and recommended books in&nbsp;2024 Alle B\u00fccherlisten seit 2020 Selk, Demokratied\u00e4mmerung. Eine Kritik der Demokratietheorie, Berlin, 2023 | &#8220;Kein Happy-End f\u00fcr die Demokratie&#8221; DIE ZEIT Peltzer, Der Ernst des [&hellip;]<\/p>\n","protected":false},"author":1,"featured_media":0,"parent":0,"menu_order":0,"comment_status":"closed","ping_status":"closed","template":"","meta":{"_crdt_document":"","advanced_seo_description":"","jetpack_seo_html_title":"","jetpack_seo_noindex":false,"_EventAllDay":false,"_EventTimezone":"","_EventStartDate":"","_EventEndDate":"","_EventStartDateUTC":"","_EventEndDateUTC":"","_EventShowMap":false,"_EventShowMapLink":false,"_EventURL":"","_EventCost":"","_EventCostDescription":"","_EventCurrencySymbol":"","_EventCurrencyCode":"","_EventCurrencyPosition":"","_EventDateTimeSeparator":"","_EventTimeRangeSeparator":"","_EventOrganizerID":[],"_EventVenueID":[],"_OrganizerEmail":"","_OrganizerPhone":"","_OrganizerWebsite":"","_VenueAddress":"","_VenueCity":"","_VenueCountry":"","_VenueProvince":"","_VenueState":"","_VenueZip":"","_VenuePhone":"","_VenueURL":"","_VenueStateProvince":"","_VenueLat":"","_VenueLng":"","_VenueShowMap":false,"_VenueShowMapLink":false,"jetpack_post_was_ever_published":false,"footnotes":""},"class_list":["post-13077","page","type-page","status-publish","hentry"],"jetpack_sharing_enabled":true,"jetpack-related-posts":[{"id":13071,"url":"https:\/\/ralupo.me\/en\/buecherlisten","url_meta":{"origin":13077,"position":0},"title":"B\u00fccherlisten","author":"Lupo","date":"3. January 2024","format":false,"excerpt":"[:de] Hier eine Auswahl meiner Leselisten der letzten Jahre, Belletristik und Fachb\u00fccher, nebst Rezensionen der B\u00fccher in anderen Medien und eigener Rezensionen in diesem Blog. Aktuelles Jahr: B\u00fccherliste 2026 B\u00fccherliste 2025 B\u00fccherliste 2024B\u00fccherliste 2023B\u00fccherliste 2022B\u00fccherliste 2021B\u00fccherliste 2020 [:]","rel":"","context":"Similar post","block_context":{"text":"Similar post","link":""},"img":{"alt_text":"","src":"","width":0,"height":0},"classes":[]},{"id":15312,"url":"https:\/\/ralupo.me\/en\/buecherliste-2026","url_meta":{"origin":13077,"position":1},"title":"B\u00fccherliste 2026","author":"Lupo","date":"26. December 2025","format":false,"excerpt":"[:de] Alle B\u00fccherlisten seit 2020 Kracauer, Totalit\u00e4re Propaganda, 2013Krasznahorkai, Zs\u00f6mle ist weg, 2025 | \u201eein einziger langer Gedankenstrom\u201c (NDR) \ud83d\udcda\ud83c\udded\ud83c\uddfaAljoschina, Political Girl, Pussy Riot \u2013 Leben und Schicksal in Putins Russland, 2025Johnson, Berliner Sachen, Werkausgabe, Bd 1, 2025Bakunina, The Good Russian: In Search of a Nation's Soul, 2025Martinowitsch, Das Gute\u2026","rel":"","context":"Similar post","block_context":{"text":"Similar post","link":""},"img":{"alt_text":"","src":"https:\/\/i0.wp.com\/ralupo.me\/wp-content\/uploads\/2026\/01\/VeNs.gif?resize=350%2C200&ssl=1","width":350,"height":200},"classes":[]},{"id":14569,"url":"https:\/\/ralupo.me\/en\/14569-2","url_meta":{"origin":13077,"position":2},"title":"B\u00fccherliste 2025","author":"Lupo","date":"2. January 2025","format":false,"excerpt":"[:de] Recently read and recommended books in\u00a02025 Alle B\u00fccherlisten seit 2020 Reckwitz, Verlust. Ein Grundproblem der Moderne, 2024Strunk, Zauberberg 2, 2024 | Paradise Lost (FAZ)\ud83d\udfe1 Rastorgueva, Pop up Propaganda. Epikrise der russischen Selbstvergiftung, 2025 | \"Ach was, die Briten essen also Eichh\u00f6rnchen?\" (FAZ) | Rezension im BlogGavelis, Vilnius Poker, 2024\u2026","rel":"","context":"Similar post","block_context":{"text":"Similar post","link":""},"img":{"alt_text":"","src":"","width":0,"height":0},"classes":[]},{"id":9453,"url":"https:\/\/ralupo.me\/en\/buecher-4","url_meta":{"origin":13077,"position":3},"title":"B\u00fccher 2023","author":"Lupo","date":"3. January 2023","format":false,"excerpt":"[:de] B\u00fccher Recently read and recommended books in\u00a02023 Alle B\u00fccherlisten seit 2020 Non-fiction\u00a0| Sachb\u00fccherFiction\u00a0| BelletristikAdler, Die Ukraine und wir. Deutschlands Versagen und die Lehren f\u00fcr die Zukunft, Berlin 2022Twardoch, Morphin, 2014, Fatland, Die Grenze, Eine Reise rund um Russland, 2019Znak, Zekamerone, Geschichten aus dem Gef\u00e4ngnis, 2023 | Rezension im BlogSchauer,\u2026","rel":"","context":"Similar post","block_context":{"text":"Similar post","link":""},"img":{"alt_text":"","src":"","width":0,"height":0},"classes":[]},{"id":573,"url":"https:\/\/ralupo.me\/en\/buecher","url_meta":{"origin":13077,"position":4},"title":"B\u00fccher 2020","author":"Lupo","date":"10. August 2020","format":false,"excerpt":"[:de] Recently read and recommended books 2020 Find my Readlinglist 2021 here Find my Readinglist 2022 here Find my Readinglist 2023 here Non-fiction | Sachb\u00fccherFiction | BelletristikReckwitz, Das Ende der Illusionen, \ud83c\udde9\ud83c\uddea, 2020 \ud83d\udc4dHouellebecq, Serotonin, 2019\ud83d\udc4dCase, Deaths of Despair and the Future of Capitalism, \ud83c\uddfa\ud83c\uddf8, 2020\ud83d\udc4dLanchester, Die Mauer, 2019M\u00f6ller, Volksaufstand\u2026","rel":"","context":"Similar post","block_context":{"text":"Similar post","link":""},"img":{"alt_text":"","src":"https:\/\/i0.wp.com\/ralupo.me\/wp-content\/uploads\/2022\/04\/img_6986_jpg-scaled.jpg?fit=1200%2C900&ssl=1&resize=350%2C200","width":350,"height":200,"srcset":"https:\/\/i0.wp.com\/ralupo.me\/wp-content\/uploads\/2022\/04\/img_6986_jpg-scaled.jpg?fit=1200%2C900&ssl=1&resize=350%2C200 1x, https:\/\/i0.wp.com\/ralupo.me\/wp-content\/uploads\/2022\/04\/img_6986_jpg-scaled.jpg?fit=1200%2C900&ssl=1&resize=525%2C300 1.5x, https:\/\/i0.wp.com\/ralupo.me\/wp-content\/uploads\/2022\/04\/img_6986_jpg-scaled.jpg?fit=1200%2C900&ssl=1&resize=700%2C400 2x, https:\/\/i0.wp.com\/ralupo.me\/wp-content\/uploads\/2022\/04\/img_6986_jpg-scaled.jpg?fit=1200%2C900&ssl=1&resize=1050%2C600 3x"},"classes":[]},{"id":1374,"url":"https:\/\/ralupo.me\/en\/buecher-2","url_meta":{"origin":13077,"position":5},"title":"B\u00fccher 2021","author":"Lupo","date":"1. January 2021","format":false,"excerpt":"[:de] Recently read and recommended books in 2021 Alle B\u00fccherlisten seit 2020 Non-fiction | Sachb\u00fccherFiction | BelletristikSimmel, Essays zur Kulturphilosophie, (Sammelband), \ud83c\udde9\ud83c\uddea2020Just, Am Rand der D\u00e4cher, 2020 \ud83c\udde9\ud83c\uddeaNeuh\u00e4user\/Seidel (Hg.), Kritik des Moralismus, 2020 \ud83c\udde9\ud83c\uddea, \ud83d\udc4dLeroy, Der Schutzengel, 2020 \ud83c\uddeb\ud83c\uddf7| \u201eSein Geisterleben\u201c, FAZ, \ud83d\udc4d M\u00fcller, Krise und Kritik. Klassiker der soziologischen\u2026","rel":"","context":"Similar post","block_context":{"text":"Similar post","link":""},"img":{"alt_text":"","src":"https:\/\/i0.wp.com\/ralupo.me\/wp-content\/uploads\/2022\/04\/img_6986_jpg-scaled.jpg?fit=1200%2C900&ssl=1&resize=350%2C200","width":350,"height":200,"srcset":"https:\/\/i0.wp.com\/ralupo.me\/wp-content\/uploads\/2022\/04\/img_6986_jpg-scaled.jpg?fit=1200%2C900&ssl=1&resize=350%2C200 1x, https:\/\/i0.wp.com\/ralupo.me\/wp-content\/uploads\/2022\/04\/img_6986_jpg-scaled.jpg?fit=1200%2C900&ssl=1&resize=525%2C300 1.5x, https:\/\/i0.wp.com\/ralupo.me\/wp-content\/uploads\/2022\/04\/img_6986_jpg-scaled.jpg?fit=1200%2C900&ssl=1&resize=700%2C400 2x, https:\/\/i0.wp.com\/ralupo.me\/wp-content\/uploads\/2022\/04\/img_6986_jpg-scaled.jpg?fit=1200%2C900&ssl=1&resize=1050%2C600 3x"},"classes":[]}],"jetpack_shortlink":"https:\/\/wp.me\/PcanHs-3oV","_links":{"self":[{"href":"https:\/\/ralupo.me\/en\/wp-json\/wp\/v2\/pages\/13077","targetHints":{"allow":["GET"]}}],"collection":[{"href":"https:\/\/ralupo.me\/en\/wp-json\/wp\/v2\/pages"}],"about":[{"href":"https:\/\/ralupo.me\/en\/wp-json\/wp\/v2\/types\/page"}],"author":[{"embeddable":true,"href":"https:\/\/ralupo.me\/en\/wp-json\/wp\/v2\/users\/1"}],"replies":[{"embeddable":true,"href":"https:\/\/ralupo.me\/en\/wp-json\/wp\/v2\/comments?post=13077"}],"version-history":[{"count":24,"href":"https:\/\/ralupo.me\/en\/wp-json\/wp\/v2\/pages\/13077\/revisions"}],"predecessor-version":[{"id":15481,"href":"https:\/\/ralupo.me\/en\/wp-json\/wp\/v2\/pages\/13077\/revisions\/15481"}],"wp:attachment":[{"href":"https:\/\/ralupo.me\/en\/wp-json\/wp\/v2\/media?parent=13077"}],"curies":[{"name":"wp","href":"https:\/\/api.w.org\/{rel}","templated":true}]}}