{"id":12910,"date":"2023-12-27T11:29:01","date_gmt":"2023-12-27T10:29:01","guid":{"rendered":"https:\/\/ralupo.me\/?page_id=12910"},"modified":"2023-12-27T11:29:04","modified_gmt":"2023-12-27T10:29:04","slug":"suche","status":"publish","type":"page","link":"https:\/\/ralupo.me\/en\/suche","title":{"rendered":"Suche"},"content":{"rendered":"<form role=\"search\" method=\"get\" action=\"https:\/\/ralupo.me\/en\/\" class=\"wp-block-search__button-outside wp-block-search__icon-button wp-block-search\"    ><label class=\"wp-block-search__label\" for=\"wp-block-search__input-2\" >Suchen<\/label><div class=\"wp-block-search__inside-wrapper\" ><input class=\"wp-block-search__input\" id=\"wp-block-search__input-2\" placeholder=\"\" value=\"\" type=\"search\" name=\"s\" required \/><button aria-label=\"Suchen\" class=\"wp-block-search__button has-icon wp-element-button\" type=\"submit\" ><svg class=\"search-icon\" viewBox=\"0 0 24 24\" width=\"24\" height=\"24\">\n\t\t\t\t\t<path d=\"M13 5c-3.3 0-6 2.7-6 6 0 1.4.5 2.7 1.3 3.7l-3.8 3.8 1.1 1.1 3.8-3.8c1 .8 2.3 1.3 3.7 1.3 3.3 0 6-2.7 6-6S16.3 5 13 5zm0 10.5c-2.5 0-4.5-2-4.5-4.5s2-4.5 4.5-4.5 4.5 2 4.5 4.5-2 4.5-4.5 4.5z\"><\/path>\n\t\t\t\t<\/svg><\/button><\/div><\/form>","protected":false},"excerpt":{"rendered":"","protected":false},"author":1,"featured_media":0,"parent":0,"menu_order":0,"comment_status":"closed","ping_status":"closed","template":"","meta":{"_crdt_document":"","advanced_seo_description":"","jetpack_seo_html_title":"","jetpack_seo_noindex":false,"_EventAllDay":false,"_EventTimezone":"","_EventStartDate":"","_EventEndDate":"","_EventStartDateUTC":"","_EventEndDateUTC":"","_EventShowMap":false,"_EventShowMapLink":false,"_EventURL":"","_EventCost":"","_EventCostDescription":"","_EventCurrencySymbol":"","_EventCurrencyCode":"","_EventCurrencyPosition":"","_EventDateTimeSeparator":"","_EventTimeRangeSeparator":"","_EventOrganizerID":[],"_EventVenueID":[],"_OrganizerEmail":"","_OrganizerPhone":"","_OrganizerWebsite":"","_VenueAddress":"","_VenueCity":"","_VenueCountry":"","_VenueProvince":"","_VenueState":"","_VenueZip":"","_VenuePhone":"","_VenueURL":"","_VenueStateProvince":"","_VenueLat":"","_VenueLng":"","_VenueShowMap":false,"_VenueShowMapLink":false,"jetpack_post_was_ever_published":false,"footnotes":""},"class_list":["post-12910","page","type-page","status-publish","hentry"],"jetpack_sharing_enabled":true,"jetpack-related-posts":[{"id":338,"url":"https:\/\/ralupo.me\/en\/pages\/full-width","url_meta":{"origin":12910,"position":0},"title":"Full Width","author":"Lupo","date":"2. October 2013","format":false,"excerpt":"[:de][:]","rel":"","context":"Similar post","block_context":{"text":"Similar post","link":""},"img":{"alt_text":"v","src":"https:\/\/i0.wp.com\/ralupo.me\/wp-content\/uploads\/2022\/03\/land-marquee-shape.png?resize=350%2C200","width":350,"height":200,"srcset":"https:\/\/i0.wp.com\/ralupo.me\/wp-content\/uploads\/2022\/03\/land-marquee-shape.png?resize=350%2C200 1x, https:\/\/i0.wp.com\/ralupo.me\/wp-content\/uploads\/2022\/03\/land-marquee-shape.png?resize=525%2C300 1.5x"},"classes":[]},{"id":12753,"url":"https:\/\/ralupo.me\/en\/events","url_meta":{"origin":12910,"position":1},"title":"Events","author":"Lupo","date":"24. December 2023","format":false,"excerpt":"[:de][:]","rel":"","context":"Similar post","block_context":{"text":"Similar post","link":""},"img":{"alt_text":"","src":"","width":0,"height":0},"classes":[]},{"id":10945,"url":"https:\/\/ralupo.me\/en\/blog","url_meta":{"origin":12910,"position":2},"title":"Andere Ansicht","author":"Lupo","date":"15. March 2022","format":false,"excerpt":"[:de] [:]","rel":"","context":"Similar post","block_context":{"text":"Similar post","link":""},"img":{"alt_text":"","src":"","width":0,"height":0},"classes":[]},{"id":13071,"url":"https:\/\/ralupo.me\/en\/buecherlisten","url_meta":{"origin":12910,"position":3},"title":"B\u00fccherlisten","author":"Lupo","date":"3. January 2024","format":false,"excerpt":"[:de] Hier eine Auswahl meiner Leselisten der letzten Jahre, Belletristik und Fachb\u00fccher, nebst Rezensionen der B\u00fccher in anderen Medien und eigener Rezensionen in diesem Blog. Aktuelles Jahr: B\u00fccherliste 2026 B\u00fccherliste 2025 B\u00fccherliste 2024B\u00fccherliste 2023B\u00fccherliste 2022B\u00fccherliste 2021B\u00fccherliste 2020 [:]","rel":"","context":"Similar post","block_context":{"text":"Similar post","link":""},"img":{"alt_text":"","src":"","width":0,"height":0},"classes":[]},{"id":13,"url":"https:\/\/ralupo.me\/en\/about","url_meta":{"origin":12910,"position":4},"title":"About","author":"Lupo","date":"5. April 2020","format":false,"excerpt":"[:de] Hi! I'm Christian. This site is my personal blog. Mostly Participating observation. I'm working as a lawyer in Germany with personal interests in sociology and politics. You will find here my two cents. | Die Seite wird gerade \u00fcberarbeitet. Folgt solange meiner neuen \"Now\"-Page. [:]","rel":"","context":"Similar post","block_context":{"text":"Similar post","link":""},"img":{"alt_text":"","src":"https:\/\/i0.wp.com\/ralupo.me\/wp-content\/uploads\/2022\/01\/img_3899.jpg?resize=350%2C200&ssl=1","width":350,"height":200,"srcset":"https:\/\/i0.wp.com\/ralupo.me\/wp-content\/uploads\/2022\/01\/img_3899.jpg?resize=350%2C200&ssl=1 1x, https:\/\/i0.wp.com\/ralupo.me\/wp-content\/uploads\/2022\/01\/img_3899.jpg?resize=525%2C300&ssl=1 1.5x, https:\/\/i0.wp.com\/ralupo.me\/wp-content\/uploads\/2022\/01\/img_3899.jpg?resize=700%2C400&ssl=1 2x, https:\/\/i0.wp.com\/ralupo.me\/wp-content\/uploads\/2022\/01\/img_3899.jpg?resize=1050%2C600&ssl=1 3x"},"classes":[]},{"id":6845,"url":"https:\/\/ralupo.me\/en\/test","url_meta":{"origin":12910,"position":5},"title":"test","author":"Lupo","date":"21. November 2023","format":false,"excerpt":"","rel":"","context":"Similar post","block_context":{"text":"Similar post","link":""},"img":{"alt_text":"","src":"","width":0,"height":0},"classes":[]}],"jetpack_shortlink":"https:\/\/wp.me\/PcanHs-3me","_links":{"self":[{"href":"https:\/\/ralupo.me\/en\/wp-json\/wp\/v2\/pages\/12910","targetHints":{"allow":["GET"]}}],"collection":[{"href":"https:\/\/ralupo.me\/en\/wp-json\/wp\/v2\/pages"}],"about":[{"href":"https:\/\/ralupo.me\/en\/wp-json\/wp\/v2\/types\/page"}],"author":[{"embeddable":true,"href":"https:\/\/ralupo.me\/en\/wp-json\/wp\/v2\/users\/1"}],"replies":[{"embeddable":true,"href":"https:\/\/ralupo.me\/en\/wp-json\/wp\/v2\/comments?post=12910"}],"version-history":[{"count":1,"href":"https:\/\/ralupo.me\/en\/wp-json\/wp\/v2\/pages\/12910\/revisions"}],"predecessor-version":[{"id":12911,"href":"https:\/\/ralupo.me\/en\/wp-json\/wp\/v2\/pages\/12910\/revisions\/12911"}],"wp:attachment":[{"href":"https:\/\/ralupo.me\/en\/wp-json\/wp\/v2\/media?parent=12910"}],"curies":[{"name":"wp","href":"https:\/\/api.w.org\/{rel}","templated":true}]}}