{"id":10945,"date":"2022-03-15T14:02:46","date_gmt":"2022-03-15T14:02:46","guid":{"rendered":"https:\/\/munich.qodeinteractive.com\/?page_id=3554"},"modified":"2023-12-24T11:05:27","modified_gmt":"2023-12-24T10:05:27","slug":"blog","status":"publish","type":"page","link":"https:\/\/ralupo.me\/en\/blog","title":{"rendered":"Andere Ansicht"},"content":{"rendered":"\n<div class=\"wp-block-query alignfull is-layout-flow wp-block-query-is-layout-flow\">\n<div class=\"wp-block-group alignfull is-layout-flow wp-block-group-is-layout-flow\" style=\"padding-top:0;padding-right:var(--wp--preset--spacing--40);padding-bottom:var(--wp--preset--spacing--40);padding-left:var(--wp--preset--spacing--40)\"><\/div>\n\n\n\n<div class=\"wp-block-group is-layout-flow wp-block-group-is-layout-flow\" style=\"margin-top:0;margin-bottom:0;padding-top:var(--wp--preset--spacing--40);padding-right:var(--wp--preset--spacing--40);padding-bottom:var(--wp--preset--spacing--40);padding-left:var(--wp--preset--spacing--40)\"><\/div>\n<\/div>\n","protected":false},"excerpt":{"rendered":"","protected":false},"author":1,"featured_media":0,"parent":0,"menu_order":0,"comment_status":"closed","ping_status":"closed","template":"","meta":{"_crdt_document":"","advanced_seo_description":"","jetpack_seo_html_title":"","jetpack_seo_noindex":false,"_EventAllDay":false,"_EventTimezone":"","_EventStartDate":"","_EventEndDate":"","_EventStartDateUTC":"","_EventEndDateUTC":"","_EventShowMap":false,"_EventShowMapLink":false,"_EventURL":"","_EventCost":"","_EventCostDescription":"","_EventCurrencySymbol":"","_EventCurrencyCode":"","_EventCurrencyPosition":"","_EventDateTimeSeparator":"","_EventTimeRangeSeparator":"","_EventOrganizerID":[],"_EventVenueID":[],"_OrganizerEmail":"","_OrganizerPhone":"","_OrganizerWebsite":"","_VenueAddress":"","_VenueCity":"","_VenueCountry":"","_VenueProvince":"","_VenueState":"","_VenueZip":"","_VenuePhone":"","_VenueURL":"","_VenueStateProvince":"","_VenueLat":"","_VenueLng":"","_VenueShowMap":false,"_VenueShowMapLink":false,"jetpack_post_was_ever_published":false,"footnotes":""},"class_list":["post-10945","page","type-page","status-publish","hentry"],"jetpack_sharing_enabled":true,"jetpack-related-posts":[{"id":6615,"url":"https:\/\/ralupo.me\/en\/pages\/about-us-2","url_meta":{"origin":10945,"position":0},"title":"About Us","author":"Lupo","date":"24. July 2023","format":false,"excerpt":"[:de] Our journal is a treasure trove of insights and practical advice that cater to every facet of life. We believe that life's journey encompasses not only exciting adventures but also the importance of financial stability and living in harmony with oneself and the world around us. We are here\u2026","rel":"","context":"Similar post","block_context":{"text":"Similar post","link":""},"img":{"alt_text":"v","src":"https:\/\/i0.wp.com\/ralupo.me\/wp-content\/uploads\/2022\/03\/land-marquee-shape.png?resize=350%2C200","width":350,"height":200,"srcset":"https:\/\/i0.wp.com\/ralupo.me\/wp-content\/uploads\/2022\/03\/land-marquee-shape.png?resize=350%2C200 1x, https:\/\/i0.wp.com\/ralupo.me\/wp-content\/uploads\/2022\/03\/land-marquee-shape.png?resize=525%2C300 1.5x"},"classes":[]},{"id":338,"url":"https:\/\/ralupo.me\/en\/pages\/full-width","url_meta":{"origin":10945,"position":1},"title":"Full Width","author":"Lupo","date":"2. October 2013","format":false,"excerpt":"[:de][:]","rel":"","context":"Similar post","block_context":{"text":"Similar post","link":""},"img":{"alt_text":"v","src":"https:\/\/i0.wp.com\/ralupo.me\/wp-content\/uploads\/2022\/03\/land-marquee-shape.png?resize=350%2C200","width":350,"height":200,"srcset":"https:\/\/i0.wp.com\/ralupo.me\/wp-content\/uploads\/2022\/03\/land-marquee-shape.png?resize=350%2C200 1x, https:\/\/i0.wp.com\/ralupo.me\/wp-content\/uploads\/2022\/03\/land-marquee-shape.png?resize=525%2C300 1.5x"},"classes":[]},{"id":513,"url":"https:\/\/ralupo.me\/en\/pages","url_meta":{"origin":10945,"position":2},"title":"Pages","author":"Lupo","date":"28. March 2022","format":false,"excerpt":"[:de][:]","rel":"","context":"Similar post","block_context":{"text":"Similar post","link":""},"img":{"alt_text":"","src":"https:\/\/i0.wp.com\/nofussworks.com\/demo\/alpha\/gavello\/wp-content\/uploads\/sites\/2\/2019\/12\/sylt-4468569_1920-768x1024.jpg?resize=350%2C200&ssl=1","width":350,"height":200,"srcset":"https:\/\/i0.wp.com\/nofussworks.com\/demo\/alpha\/gavello\/wp-content\/uploads\/sites\/2\/2019\/12\/sylt-4468569_1920-768x1024.jpg?resize=350%2C200&ssl=1 1x, https:\/\/i0.wp.com\/nofussworks.com\/demo\/alpha\/gavello\/wp-content\/uploads\/sites\/2\/2019\/12\/sylt-4468569_1920-768x1024.jpg?resize=525%2C300&ssl=1 1.5x, https:\/\/i0.wp.com\/nofussworks.com\/demo\/alpha\/gavello\/wp-content\/uploads\/sites\/2\/2019\/12\/sylt-4468569_1920-768x1024.jpg?resize=700%2C400&ssl=1 2x"},"classes":[]},{"id":6300,"url":"https:\/\/ralupo.me\/en\/privacy-policy","url_meta":{"origin":10945,"position":3},"title":"Privacy Policy","author":"Lupo","date":"9. December 2019","format":false,"excerpt":"[:de] Who we are Our website address is: https:\/\/nofussworks.com\/demo\/alpha\/chartres\/. What personal data we collect and why we collect it Comments When visitors leave comments on the site we collect the data shown in the comments form, and also the visitor\u2019s IP address and browser user agent string to help spam\u2026","rel":"","context":"Similar post","block_context":{"text":"Similar post","link":""},"img":{"alt_text":"","src":"","width":0,"height":0},"classes":[]},{"id":13071,"url":"https:\/\/ralupo.me\/en\/buecherlisten","url_meta":{"origin":10945,"position":4},"title":"B\u00fccherlisten","author":"Lupo","date":"3. January 2024","format":false,"excerpt":"[:de] Hier eine Auswahl meiner Leselisten der letzten Jahre, Belletristik und Fachb\u00fccher, nebst Rezensionen der B\u00fccher in anderen Medien und eigener Rezensionen in diesem Blog. Aktuelles Jahr: B\u00fccherliste 2026 B\u00fccherliste 2025 B\u00fccherliste 2024B\u00fccherliste 2023B\u00fccherliste 2022B\u00fccherliste 2021B\u00fccherliste 2020 [:]","rel":"","context":"Similar post","block_context":{"text":"Similar post","link":""},"img":{"alt_text":"","src":"","width":0,"height":0},"classes":[]},{"id":13077,"url":"https:\/\/ralupo.me\/en\/buecherliste-2024","url_meta":{"origin":10945,"position":5},"title":"B\u00fccherliste 2024","author":"Lupo","date":"3. January 2024","format":false,"excerpt":"[:de] Recently read and recommended books in\u00a02024 Alle B\u00fccherlisten seit 2020 Selk, Demokratied\u00e4mmerung. Eine Kritik der Demokratietheorie, Berlin, 2023 | \"Kein Happy-End f\u00fcr die Demokratie\" DIE ZEITPeltzer, Der Ernst des Lebens, Frankfurt am Main, 2024 | Auch die Gr\u00fcnen wollen an die Fleischt\u00f6pfe (NZZ)Menzel, Wendepunkte. Am \u00dcbergang zum autorit\u00e4ren Jahrhundert,\u2026","rel":"","context":"Similar post","block_context":{"text":"Similar post","link":""},"img":{"alt_text":"","src":"","width":0,"height":0},"classes":[]}],"jetpack_shortlink":"https:\/\/wp.me\/PcanHs-2Qx","_links":{"self":[{"href":"https:\/\/ralupo.me\/en\/wp-json\/wp\/v2\/pages\/10945","targetHints":{"allow":["GET"]}}],"collection":[{"href":"https:\/\/ralupo.me\/en\/wp-json\/wp\/v2\/pages"}],"about":[{"href":"https:\/\/ralupo.me\/en\/wp-json\/wp\/v2\/types\/page"}],"author":[{"embeddable":true,"href":"https:\/\/ralupo.me\/en\/wp-json\/wp\/v2\/users\/1"}],"replies":[{"embeddable":true,"href":"https:\/\/ralupo.me\/en\/wp-json\/wp\/v2\/comments?post=10945"}],"version-history":[{"count":4,"href":"https:\/\/ralupo.me\/en\/wp-json\/wp\/v2\/pages\/10945\/revisions"}],"predecessor-version":[{"id":12684,"href":"https:\/\/ralupo.me\/en\/wp-json\/wp\/v2\/pages\/10945\/revisions\/12684"}],"wp:attachment":[{"href":"https:\/\/ralupo.me\/en\/wp-json\/wp\/v2\/media?parent=10945"}],"curies":[{"name":"wp","href":"https:\/\/api.w.org\/{rel}","templated":true}]}}